{"id":1983,"date":"2023-10-21T11:27:30","date_gmt":"2023-10-21T09:27:30","guid":{"rendered":"https:\/\/www.biosferaeduca.com\/?page_id=1983"},"modified":"2023-10-26T21:47:46","modified_gmt":"2023-10-26T19:47:46","slug":"aviso-legal","status":"publish","type":"page","link":"https:\/\/www.biosferaeduca.com\/es\/aviso-legal\/","title":{"rendered":"Aviso legal"},"content":{"rendered":"<div class=\"fusion-fullwidth fullwidth-box fusion-builder-row-1 fusion-flex-container has-pattern-background has-mask-background nonhundred-percent-fullwidth non-hundred-percent-height-scrolling\" style=\"--awb-border-radius-top-left:0px;--awb-border-radius-top-right:0px;--awb-border-radius-bottom-right:0px;--awb-border-radius-bottom-left:0px;--awb-flex-wrap:wrap;\" ><div class=\"fusion-builder-row fusion-row fusion-flex-align-items-flex-start fusion-flex-content-wrap\" style=\"max-width:1248px;margin-left: calc(-4% \/ 2 );margin-right: calc(-4% \/ 2 );\"><div class=\"fusion-layout-column fusion_builder_column fusion-builder-column-0 fusion_builder_column_1_1 1_1 fusion-flex-column\" style=\"--awb-bg-size:cover;--awb-width-large:100%;--awb-margin-top-large:0px;--awb-spacing-right-large:1.92%;--awb-margin-bottom-large:20px;--awb-spacing-left-large:1.92%;--awb-width-medium:100%;--awb-order-medium:0;--awb-spacing-right-medium:1.92%;--awb-spacing-left-medium:1.92%;--awb-width-small:100%;--awb-order-small:0;--awb-spacing-right-small:1.92%;--awb-spacing-left-small:1.92%;\"><div class=\"fusion-column-wrapper fusion-column-has-shadow fusion-flex-justify-content-flex-start fusion-content-layout-column\"><div class=\"fusion-text fusion-text-1\"><p><strong>AVISO LEGAL<\/strong><\/p>\n<p>En cumplimiento del art\u00edculo 10 de la Ley 34\/2002, de 11 de julio, sobre Servicios de la Sociedad de la Informaci\u00f3n y Comercio Electr\u00f3nico (LSSI-CE), le informamos que el titular de la p\u00e1gina web (en adelante, la \u201cWeb\u201d) es BIOSFERA Asociaci\u00f3n de Educaci\u00f3n Ambiental, domiciliada en L&#8217;Hospitalet de Llobregat, C\/ Anselm Clav\u00e9 1, 2\u00ba 1a, 08902, con CIF G64586225 (en adelante, \u201cBiosfera\u201d).<\/p>\n<p>Las comunicaciones que se hagan necesarias entre Biosfera y el Usuario, tendr\u00e1n que dirigirse al Servicio de Atenci\u00f3n al Cliente mediante el env\u00edo de un correo electr\u00f3nico a info@biosferaeduca.com, llamando al n\u00famero 617 665 909, o bien mediante el env\u00edo de una comunicaci\u00f3n escrita dirigida a nuestro Departamento de atenci\u00f3n al cliente, en Hospitalet de Llobregat, C\/ Anselm Clav\u00e9 1, 2\u00ba 1a, 08902. Nuestro horario de atenci\u00f3n al cliente es de lunes a viernes de 8 a 19 horas.<\/p>\n<p>1. Aceptaci\u00f3n de las condiciones de uso<br \/>1.1. Las presentes Condiciones de Uso tienen por finalidad regular la puesta a disposici\u00f3n de la informaci\u00f3n y los productos puestos a disposici\u00f3n por Biosfera a trav\u00e9s de la web.<\/p>\n<p>1.2. Al navegar por la web usted adquiere autom\u00e1ticamente la condici\u00f3n de Usuario (en adelante, \u201cUno.\u201d O \u201cUsuario\u201d) y acepta sin reservas de ninguna clase, a todas y cada una del presente Aviso Legal.<\/p>\n<p>1.3. Para empezar a utilizar la web no ser\u00e1 necesario que el Usuario se registre previamente, ni que acepte expresamente el presente Aviso Legal. Sin embargo, el Usuario es consciente de que es su obligaci\u00f3n conocer y respetar el presente Aviso Legal y nuestra Pol\u00edtica de Privacidad a partir del momento en que accede a la Web.<\/p>\n<p>1.4. Biosfera podr\u00e1 modificar el presente Aviso Legal mediante la publicaci\u00f3n de estas modificaciones en la web para que puedan ser conocidas por los Usuarios.<\/p>\n<p>2. Derechos de Propiedad Intelectual e Industrial<br \/>2.1. Todo el contenido de la web, incluyendo a t\u00edtulo enunciativo pero no limitativo su programaci\u00f3n, edici\u00f3n, compilaci\u00f3n, dise\u00f1os, logotipos, im\u00e1genes, texto y gr\u00e1ficos son propiedad de Biosfera, encontrando protegidos por la normativa nacional e internacional sobre propiedad intelectual. El acceso por parte del Usuario no le otorga ning\u00fan derecho de propiedad a las mismas.<\/p>\n<p>2.2. Si usted. Ve en la web cualquier contenido que pudiera vulnerar derechos de propiedad intelectual e industrial, rogamos lo pongan en conocimiento de Biosfera lo antes posible, remitiendo un correo electr\u00f3nico a la direcci\u00f3n info@biosferaeduca.com<\/p>\n<p>3. Responsabilidad Civil<br \/>3.1. Biosfera no responder\u00e1 de ning\u00fan da\u00f1o o perjuicio que el Usuario pueda sufrir como consecuencia de la utilizaci\u00f3n de la Web cuando pruebe que ha cumplido con las exigencias y diligencias que exige la naturaleza de la Web.<\/p>\n<p>3.2. No controlamos, a todos los efectos, la utilizaci\u00f3n que los Usuarios hacen de la Web. En particular, no garantizamos bajo ning\u00fan extremo que los Usuarios utilicen la Web y sus herramientas de conformidad con la ley, el presente Aviso Legal, la moral y buenas costumbres generalmente aceptadas y el orden p\u00fablico, ni tampoco que lo hagan de forma diligente y prudente.<\/p>\n<p>3.3. En caso de que en la web se dispusieran enlaces o hiperv\u00ednculos hacia otros sitios de Internet, no ejerceremos ning\u00fan tipo de control sobre estos sitios y contenidos. En ning\u00fan caso asumiremos responsabilidad alguna por los contenidos de alg\u00fan enlace perteneciente a una web ajena, ni garantizaremos la disponibilidad t\u00e9cnica, calidad y veracidad de cualquier material o informaci\u00f3n contenida en los mismos.<\/p>\n<p>4. Exclusi\u00f3n de Garant\u00eda<br \/>4.1. No garantizamos que la web se ejecute sin interrupciones, en tiempo \u00fatil, fiable, libre de errores o de virus y no nos hacemos responsable de los posibles da\u00f1os o perjuicios que puedan derivarse de interferencias, omisiones, interrupciones, virus inform\u00e1ticos o desconexiones en el sistema operativo de este sistema electr\u00f3nico, motivadas por causas ajenas a Biosfera.<\/p>\n<p>4.2. Es responsabilidad del Usuario adoptar todas las medidas t\u00e9cnicas adecuadas para controlar razonablemente estos riesgos y evitar da\u00f1os en sus equipos, p\u00e9rdida de datos y robo de informaci\u00f3n confidencial. A estos efectos, tendr\u00e1 sistemas actualizados de detecci\u00f3n de software malicioso, tales como virus, troyanos, etc., as\u00ed como tener actualizados los parches de seguridad de los correspondientes navegadores que utilice.<\/p>\n<p>5. Obligaci\u00f3n de los Usuarios<br \/>El Usuario se compromete a:<\/p>\n<p>5.1. Proporcionar a todos los formularios de la web datos veraces y mantener estos datos actualizados. El Usuario se obliga a no utilizar identidades falsas, ni suplantar la identidad de otros en la utilizaci\u00f3n de la Web.<\/p>\n<p>5.2. No utilizar im\u00e1genes o informaci\u00f3n con car\u00e1cter difamatorio, injurioso, obsceno, amenazante, xen\u00f3fobo, que incite a la violencia a la discriminaci\u00f3n por raz\u00f3n de raza, sexo, ideolog\u00eda, religi\u00f3n o que de cualquier forma atente contra la moral, el orden p\u00fablico, los derechos fundamentales, las libertades p\u00fablicas, el honor, la intimidad o la imagen de terceros y por lo general la normativa vigente.<\/p>\n<p>5.3. No introducir, almacenar o difundir cualquier contenido que infrinja derechos de propiedad intelectual e industrial,<\/p>\n<\/div><\/div><\/div><\/div><\/div>\n","protected":false},"excerpt":{"rendered":"","protected":false},"author":1,"featured_media":0,"parent":0,"menu_order":0,"comment_status":"closed","ping_status":"closed","template":"100-width.php","meta":{"footnotes":""},"class_list":["post-1983","page","type-page","status-publish","hentry"],"_links":{"self":[{"href":"https:\/\/www.biosferaeduca.com\/es\/wp-json\/wp\/v2\/pages\/1983","targetHints":{"allow":["GET"]}}],"collection":[{"href":"https:\/\/www.biosferaeduca.com\/es\/wp-json\/wp\/v2\/pages"}],"about":[{"href":"https:\/\/www.biosferaeduca.com\/es\/wp-json\/wp\/v2\/types\/page"}],"author":[{"embeddable":true,"href":"https:\/\/www.biosferaeduca.com\/es\/wp-json\/wp\/v2\/users\/1"}],"replies":[{"embeddable":true,"href":"https:\/\/www.biosferaeduca.com\/es\/wp-json\/wp\/v2\/comments?post=1983"}],"version-history":[{"count":1,"href":"https:\/\/www.biosferaeduca.com\/es\/wp-json\/wp\/v2\/pages\/1983\/revisions"}],"predecessor-version":[{"id":1986,"href":"https:\/\/www.biosferaeduca.com\/es\/wp-json\/wp\/v2\/pages\/1983\/revisions\/1986"}],"wp:attachment":[{"href":"https:\/\/www.biosferaeduca.com\/es\/wp-json\/wp\/v2\/media?parent=1983"}],"curies":[{"name":"wp","href":"https:\/\/api.w.org\/{rel}","templated":true}]}}