{"id":88,"date":"2024-03-27T17:48:37","date_gmt":"2024-03-27T15:48:37","guid":{"rendered":"https:\/\/www.biosferaeduca.com\/exogarraf\/?page_id=88"},"modified":"2024-09-16T22:49:15","modified_gmt":"2024-09-16T20:49:15","slug":"88-2","status":"publish","type":"page","link":"https:\/\/www.biosferaeduca.com\/exogarraf\/88-2\/","title":{"rendered":"TALLERS"},"content":{"rendered":"<p>[et_pb_section fb_built=&#8221;1&#8243; admin_label=&#8221;Header&#8221; _builder_version=&#8221;4.24.2&#8243; _module_preset=&#8221;default&#8221; use_background_color_gradient=&#8221;on&#8221; background_color_gradient_direction=&#8221;90deg&#8221; background_color_gradient_stops=&#8221;#ffffff 0%|rgba(255,255,255,0.8) 100%&#8221; background_color_gradient_overlays_image=&#8221;on&#8221; background_color_gradient_start=&#8221;#ffffff&#8221; background_color_gradient_end=&#8221;rgba(255,255,255,0.8)&#8221; background_enable_image=&#8221;off&#8221; custom_padding=&#8221;10vw||0px||false|false&#8221; locked=&#8221;off&#8221; global_colors_info=&#8221;{}&#8221;][et_pb_row column_structure=&#8221;1_2,1_2&#8243; use_custom_gutter=&#8221;on&#8221; make_equal=&#8221;on&#8221; _builder_version=&#8221;4.24.2&#8243; _module_preset=&#8221;default&#8221; background_enable_color=&#8221;off&#8221; positioning=&#8221;absolute&#8221; width=&#8221;100%&#8221; max_width=&#8221;none&#8221; height=&#8221;100%&#8221; custom_padding=&#8221;0px||0px||true|false&#8221; global_colors_info=&#8221;{}&#8221;][et_pb_column type=&#8221;1_2&#8243; _builder_version=&#8221;4.16&#8243; _module_preset=&#8221;default&#8221; global_colors_info=&#8221;{}&#8221;][et_pb_slider _builder_version=&#8221;4.24.2&#8243; _module_preset=&#8221;default&#8221; min_height=&#8221;55vh&#8221; custom_padding_tablet=&#8221;&#8221; custom_padding_phone=&#8221;&#8221; custom_padding_last_edited=&#8221;on|tablet&#8221; global_colors_info=&#8221;{}&#8221;][et_pb_slide _builder_version=&#8221;4.24.2&#8243; _module_preset=&#8221;default&#8221; background_enable_color=&#8221;off&#8221; background_image=&#8221;https:\/\/www.biosferaeduca.com\/exogarraf\/wp-content\/uploads\/2024\/03\/FotoBanner1.jpg.jpg&#8221; background_enable_image=&#8221;on&#8221; global_colors_info=&#8221;{}&#8221; sticky_transition=&#8221;on&#8221;][\/et_pb_slide][et_pb_slide _builder_version=&#8221;4.24.2&#8243; _module_preset=&#8221;default&#8221; background_enable_color=&#8221;off&#8221; background_image=&#8221;https:\/\/www.biosferaeduca.com\/exogarraf\/wp-content\/uploads\/2024\/03\/FotoBanner2.jpg.jpg&#8221; background_enable_image=&#8221;on&#8221; global_colors_info=&#8221;{}&#8221; sticky_transition=&#8221;on&#8221;][\/et_pb_slide][\/et_pb_slider][\/et_pb_column][et_pb_column type=&#8221;1_2&#8243; _builder_version=&#8221;4.16&#8243; _module_preset=&#8221;default&#8221; global_colors_info=&#8221;{}&#8221;][\/et_pb_column][\/et_pb_row][et_pb_row column_structure=&#8221;1_3,2_3&#8243; custom_padding_last_edited=&#8221;on|phone&#8221; _builder_version=&#8221;4.24.2&#8243; _module_preset=&#8221;default&#8221; use_background_color_gradient=&#8221;on&#8221; background_color_gradient_direction=&#8221;-90deg&#8221; background_color_gradient_stops=&#8221;#ffffff 47%|rgba(255,255,255,0) 81%&#8221; z_index=&#8221;10&#8243; width=&#8221;90%&#8221; max_width=&#8221;1280px&#8221; custom_margin_tablet=&#8221;|0px|7vh||false|false&#8221; custom_margin_phone=&#8221;|0px|7vh||false|false&#8221; custom_margin_last_edited=&#8221;on|phone&#8221; custom_padding_tablet=&#8221;|7vw||4vw|false|false&#8221; custom_padding_phone=&#8221;|7vw||4vw|false|false&#8221; background_last_edited=&#8221;on|tablet&#8221; use_background_color_gradient_tablet=&#8221;on&#8221; use_background_color_gradient_phone=&#8221;on&#8221; background_color_gradient_stops_tablet=&#8221;#ffffff 78%|rgba(255,255,255,0) 91%&#8221; background_color_gradient_stops_phone=&#8221;#ffffff 72%|rgba(255,255,255,0) 99%|rgba(255, 255, 255, 0) 100%&#8221; global_colors_info=&#8221;{}&#8221;][et_pb_column type=&#8221;1_3&#8243; _builder_version=&#8221;4.16&#8243; _module_preset=&#8221;default&#8221; global_colors_info=&#8221;{}&#8221;][\/et_pb_column][et_pb_column type=&#8221;2_3&#8243; _builder_version=&#8221;4.16&#8243; _module_preset=&#8221;default&#8221; global_colors_info=&#8221;{}&#8221;][et_pb_image src=&#8221;https:\/\/www.biosferaeduca.com\/exogarraf\/wp-content\/uploads\/2024\/03\/Recurso-4@4x.png&#8221; title_text=&#8221;Recurso 4@4x&#8221; _builder_version=&#8221;4.24.2&#8243; _module_preset=&#8221;default&#8221; global_colors_info=&#8221;{}&#8221;][\/et_pb_image][et_pb_text _builder_version=&#8221;4.24.2&#8243; _module_preset=&#8221;6ca64ecf-fbe3-4428-b1e8-65745f623d5d&#8221; text_orientation=&#8221;right&#8221; locked=&#8221;off&#8221; global_colors_info=&#8221;{}&#8221;]<\/p>\n<h2>Sensibilitzaci\u00f3 ambiental i erradicaci\u00f3 de plantes ex\u00f2tiques invasores per a la conservaci\u00f3 dels espais naturals de la costa del Garraf<\/h2>\n<p>[\/et_pb_text][\/et_pb_column][\/et_pb_row][\/et_pb_section][et_pb_section fb_built=&#8221;1&#8243; admin_label=&#8221;Header&#8221; _builder_version=&#8221;4.16&#8243; _module_preset=&#8221;default&#8221; locked=&#8221;off&#8221; global_colors_info=&#8221;{}&#8221;][et_pb_row _builder_version=&#8221;4.24.2&#8243; _module_preset=&#8221;default&#8221; global_colors_info=&#8221;{}&#8221;][et_pb_column type=&#8221;4_4&#8243; _builder_version=&#8221;4.16&#8243; _module_preset=&#8221;default&#8221; global_colors_info=&#8221;{}&#8221;][et_pb_text _builder_version=&#8221;4.24.2&#8243; _module_preset=&#8221;de5f6196-b4e3-4dfe-9661-d839a94cca66&#8243; header_3_font=&#8221;Work Sans|500||on|||||&#8221; header_3_text_color=&#8221;#1ab567&#8243; header_3_font_size=&#8221;16px&#8221; header_3_letter_spacing=&#8221;2px&#8221; header_3_line_height=&#8221;1.4em&#8221; custom_margin=&#8221;||4px||false|false&#8221; header_3_font_size_tablet=&#8221;14px&#8221; header_3_font_size_phone=&#8221;&#8221; header_3_font_size_last_edited=&#8221;on|phone&#8221; global_colors_info=&#8221;{%22gcid-4721c02e-63da-4985-9f86-80b98bb29c52%22:%91%22header_3_text_color%22%93,%22gcid-26ac9050-52ea-4dfa-84b3-bad7cf43e335%22:%91%93}&#8221;]<\/p>\n<p><strong>TALLERS A L\u2019AULA<\/strong><\/p>\n<p>[\/et_pb_text][et_pb_text _builder_version=&#8221;4.24.2&#8243; _module_preset=&#8221;6ca64ecf-fbe3-4428-b1e8-65745f623d5d&#8221; custom_margin=&#8221;||23px|||&#8221; locked=&#8221;off&#8221; global_colors_info=&#8221;{}&#8221;]<\/p>\n<h1>Les esp\u00e8cies ex\u00f2tiques invasores en els ecosistemes naturals i la biodiversitat<\/h1>\n<p>[\/et_pb_text][\/et_pb_column][\/et_pb_row][et_pb_row _builder_version=&#8221;4.24.2&#8243; _module_preset=&#8221;default&#8221; custom_margin=&#8221;|auto|0px|auto||&#8221; custom_padding=&#8221;||2px|||&#8221; global_colors_info=&#8221;{}&#8221;][et_pb_column type=&#8221;4_4&#8243; _builder_version=&#8221;4.24.2&#8243; _module_preset=&#8221;default&#8221; global_colors_info=&#8221;{}&#8221;][et_pb_text _builder_version=&#8221;4.24.2&#8243; _module_preset=&#8221;a71a5122-3537-4d1b-aa15-649fe0057a23&#8243; text_font=&#8221;Work Sans||||||||&#8221; text_font_size=&#8221;16px&#8221; text_line_height=&#8221;1.8em&#8221; text_font_size_tablet=&#8221;15px&#8221; text_font_size_phone=&#8221;14px&#8221; text_font_size_last_edited=&#8221;on|desktop&#8221; locked=&#8221;off&#8221; global_colors_info=&#8221;{}&#8221;]<\/p>\n<p>L\u2019objectiu dels Tallers d\u2019Esp\u00e8cies Ex\u00f2tiques Invasores (EEI) \u00e9s la\u00a0<strong>sensibilitzaci\u00f3 ambiental sobre la problem\u00e0tica de les EEI dels ecosistemes aqu\u00e0tics, litorals i marins de Catalunya<\/strong>: descripci\u00f3 i identificaci\u00f3, problem\u00e0tiques associades a la seva invasi\u00f3 i eines de gesti\u00f3 i prevenci\u00f3 de la seva introducci\u00f3. Es pret\u00e9n donar a con\u00e8ixer a la societat les amenaces que suposen les EEI per a la conservaci\u00f3 de la biodiversitat dels ecosistemes naturals i la problem\u00e0tica sanit\u00e0ria i econ\u00f2mica associada per tal de mitigar la introducci\u00f3 i proliferaci\u00f3 de les EEI al nostre territori, aix\u00ed com fomentar pr\u00e0ctiques respectuoses amb el medi ambient i els \u00e9ssers vius que hi habiten.<\/p>\n<p>[\/et_pb_text][\/et_pb_column][\/et_pb_row][et_pb_row _builder_version=&#8221;4.24.2&#8243; _module_preset=&#8221;default&#8221; custom_margin=&#8221;25px|auto||auto||&#8221; global_colors_info=&#8221;{}&#8221;][et_pb_column type=&#8221;4_4&#8243; _builder_version=&#8221;4.24.2&#8243; _module_preset=&#8221;default&#8221; global_colors_info=&#8221;{}&#8221;][et_pb_text _builder_version=&#8221;4.24.2&#8243; _module_preset=&#8221;default&#8221; global_colors_info=&#8221;{}&#8221;]<\/p>\n<h3><strong>Els Tallers EEI s\u2019adrecen als alumnes de centres escolars <\/strong><strong>i al p\u00fablic en general<\/strong><\/h3>\n<p>[\/et_pb_text][\/et_pb_column][\/et_pb_row][et_pb_row column_structure=&#8221;1_4,1_4,1_4,1_4&#8243; _builder_version=&#8221;4.24.2&#8243; _module_preset=&#8221;default&#8221; custom_padding=&#8221;3px|||||&#8221; global_colors_info=&#8221;{}&#8221;][et_pb_column type=&#8221;1_4&#8243; _builder_version=&#8221;4.24.2&#8243; _module_preset=&#8221;default&#8221; global_colors_info=&#8221;{}&#8221;][et_pb_image src=&#8221;https:\/\/www.biosferaeduca.com\/exogarraf\/wp-content\/uploads\/2024\/09\/TallersFoto1.png&#8221; _builder_version=&#8221;4.24.2&#8243; _module_preset=&#8221;default&#8221; title_text=&#8221;TallersFoto1&#8243;][\/et_pb_image][\/et_pb_column][et_pb_column type=&#8221;1_4&#8243; _builder_version=&#8221;4.24.2&#8243; _module_preset=&#8221;default&#8221; global_colors_info=&#8221;{}&#8221;][et_pb_image src=&#8221;https:\/\/www.biosferaeduca.com\/exogarraf\/wp-content\/uploads\/2024\/09\/TallersFoto2.png&#8221; title_text=&#8221;TallersFoto2&#8243; _builder_version=&#8221;4.24.2&#8243; _module_preset=&#8221;default&#8221; global_colors_info=&#8221;{}&#8221;][\/et_pb_image][\/et_pb_column][et_pb_column type=&#8221;1_4&#8243; _builder_version=&#8221;4.24.2&#8243; _module_preset=&#8221;default&#8221; global_colors_info=&#8221;{}&#8221;][et_pb_image src=&#8221;https:\/\/www.biosferaeduca.com\/exogarraf\/wp-content\/uploads\/2024\/09\/TallersFoto3.png&#8221; title_text=&#8221;TallersFoto3&#8243; _builder_version=&#8221;4.24.2&#8243; _module_preset=&#8221;default&#8221; global_colors_info=&#8221;{}&#8221;][\/et_pb_image][\/et_pb_column][et_pb_column type=&#8221;1_4&#8243; _builder_version=&#8221;4.24.2&#8243; _module_preset=&#8221;default&#8221; global_colors_info=&#8221;{}&#8221;][et_pb_image src=&#8221;https:\/\/www.biosferaeduca.com\/exogarraf\/wp-content\/uploads\/2024\/09\/TallersFoto4.png&#8221; title_text=&#8221;TallersFoto4&#8243; _builder_version=&#8221;4.24.2&#8243; _module_preset=&#8221;default&#8221; hover_enabled=&#8221;0&#8243; global_colors_info=&#8221;{}&#8221; sticky_enabled=&#8221;0&#8243;][\/et_pb_image][\/et_pb_column][\/et_pb_row][et_pb_row _builder_version=&#8221;4.24.2&#8243; _module_preset=&#8221;default&#8221; custom_margin=&#8221;25px|auto||auto||&#8221; global_colors_info=&#8221;{}&#8221;][et_pb_column type=&#8221;4_4&#8243; _builder_version=&#8221;4.24.2&#8243; _module_preset=&#8221;default&#8221; global_colors_info=&#8221;{}&#8221;][et_pb_text _builder_version=&#8221;4.24.2&#8243; _module_preset=&#8221;a71a5122-3537-4d1b-aa15-649fe0057a23&#8243; text_font=&#8221;Work Sans||||||||&#8221; text_font_size=&#8221;16px&#8221; text_line_height=&#8221;1.8em&#8221; text_font_size_tablet=&#8221;15px&#8221; text_font_size_phone=&#8221;14px&#8221; text_font_size_last_edited=&#8221;on|desktop&#8221; locked=&#8221;off&#8221; global_colors_info=&#8221;{}&#8221;]<\/p>\n<p>Es duran a terme <strong>un total de 100 Tallers &#8220;Les Esp\u00e8cies ex\u00f2tiques invasores en els ecosistemes naturals i la biodiversitat\u201d<\/strong>. Els Tallers d\u2019Esp\u00e8cies Ex\u00f2tiques Invasores es realitzaran a l&#8217;aula dels centres escolars, en espais p\u00fablics com ara les biblioteques municipals, en sales de confer\u00e8ncies de les entitats destinat\u00e0ries, etc. Els Tallers a l\u2019aula tindran una durada d\u20191 hora i mitja, i el dia i l&#8217;horari s&#8217;adequar\u00e0 a la disponibilitat i requeriments dels col\u00b7lectius destinataris. Els Tallers es duran a terme amb entitats de la prov\u00edncia de Barcelona.<\/p>\n<p>El Taller EEI consistir\u00e0 en una primera part te\u00f2rica on s&#8217;expliquen les <strong>finalitats del projecte<\/strong> amb el suport d&#8217;un audiovisual Power-Point, seguida d&#8217;<strong>activitats pr\u00e0ctiques <\/strong>(ex: efectes de les EEI sobre la cadena tr\u00f2fica i la biodiversitat dels ecosistemes enva\u00efts), i una cloenda amb <strong>activitats per reflexionar i debatre<\/strong>. En els Tallers realitzats als centres escolars, els alumnes disposaran d&#8217;un \u201cDossier de l\u2019alumne\u201d adaptat segons el grup d\u2019edat, amb exercicis que resoldran durant l\u2019activitat o com a treball a posteriori a l&#8217;escola, segons es convingui amb el professor\/a responsable de cada grup. Els professors\/es disposaran del \u201cDossier del professor\u201d amb els exercicis resolts, que podran utilitzar per avaluar l&#8217;assoliment dels continguts acad\u00e8mics del Taller per part dels alumnes.<\/p>\n<p>[\/et_pb_text][\/et_pb_column][\/et_pb_row][\/et_pb_section][et_pb_section fb_built=&#8221;1&#8243; admin_label=&#8221;Header&#8221; _builder_version=&#8221;4.16&#8243; _module_preset=&#8221;default&#8221; custom_margin=&#8221;-2px|||||&#8221; custom_padding=&#8221;1px|||||&#8221; locked=&#8221;off&#8221; global_colors_info=&#8221;{}&#8221;][et_pb_row _builder_version=&#8221;4.24.2&#8243; _module_preset=&#8221;default&#8221; custom_margin=&#8221;25px|auto||auto||&#8221; custom_padding=&#8221;2px|||||&#8221; global_colors_info=&#8221;{}&#8221;][et_pb_column type=&#8221;4_4&#8243; _builder_version=&#8221;4.24.2&#8243; _module_preset=&#8221;default&#8221; global_colors_info=&#8221;{}&#8221;][et_pb_text _builder_version=&#8221;4.24.2&#8243; _module_preset=&#8221;default&#8221; global_colors_info=&#8221;{}&#8221;]<\/p>\n<h3><strong>Introducci\u00f3 te\u00f2rica dels continguts amb el suport d\u2019un audiovisual, elaboraci\u00f3 del dossier per part dels alumnes i adopci\u00f3 de rols durant el debat \u00abEll silur i el pant\u00e0 de Foix\u00bb: cos d\u2019agents rurals, pescadors esportius, operadors de tours de pesca i ecologistes<\/strong><\/h3>\n<p>[\/et_pb_text][\/et_pb_column][\/et_pb_row][et_pb_row column_structure=&#8221;1_4,1_4,1_4,1_4&#8243; _builder_version=&#8221;4.24.2&#8243; _module_preset=&#8221;default&#8221; global_colors_info=&#8221;{}&#8221;][et_pb_column type=&#8221;1_4&#8243; _builder_version=&#8221;4.24.2&#8243; _module_preset=&#8221;default&#8221; global_colors_info=&#8221;{}&#8221;][et_pb_image src=&#8221;https:\/\/www.biosferaeduca.com\/exogarraf\/wp-content\/uploads\/2024\/09\/TallersFoto5.jpg&#8221; _builder_version=&#8221;4.24.2&#8243; _module_preset=&#8221;default&#8221; title_text=&#8221;TallersFoto5&#8243;][\/et_pb_image][\/et_pb_column][et_pb_column type=&#8221;1_4&#8243; _builder_version=&#8221;4.24.2&#8243; _module_preset=&#8221;default&#8221; global_colors_info=&#8221;{}&#8221;][et_pb_image src=&#8221;https:\/\/www.biosferaeduca.com\/exogarraf\/wp-content\/uploads\/2024\/09\/TallersFoto6.jpg&#8221; title_text=&#8221;TallersFoto6&#8243; _builder_version=&#8221;4.24.2&#8243; _module_preset=&#8221;default&#8221; global_colors_info=&#8221;{}&#8221;][\/et_pb_image][\/et_pb_column][et_pb_column type=&#8221;1_4&#8243; _builder_version=&#8221;4.24.2&#8243; _module_preset=&#8221;default&#8221; global_colors_info=&#8221;{}&#8221;][et_pb_image src=&#8221;https:\/\/www.biosferaeduca.com\/exogarraf\/wp-content\/uploads\/2024\/09\/TallersFoto7.jpg&#8221; title_text=&#8221;TallersFoto7&#8243; _builder_version=&#8221;4.24.2&#8243; _module_preset=&#8221;default&#8221; global_colors_info=&#8221;{}&#8221;][\/et_pb_image][\/et_pb_column][et_pb_column type=&#8221;1_4&#8243; _builder_version=&#8221;4.24.2&#8243; _module_preset=&#8221;default&#8221; global_colors_info=&#8221;{}&#8221;][et_pb_image src=&#8221;https:\/\/www.biosferaeduca.com\/exogarraf\/wp-content\/uploads\/2024\/09\/TallersFoto8.jpg&#8221; title_text=&#8221;TallersFoto8&#8243; _builder_version=&#8221;4.24.2&#8243; _module_preset=&#8221;default&#8221; hover_enabled=&#8221;0&#8243; global_colors_info=&#8221;{}&#8221; sticky_enabled=&#8221;0&#8243;][\/et_pb_image][\/et_pb_column][\/et_pb_row][et_pb_row _builder_version=&#8221;4.24.2&#8243; _module_preset=&#8221;default&#8221; custom_margin=&#8221;25px|auto||auto||&#8221; global_colors_info=&#8221;{}&#8221;][et_pb_column type=&#8221;4_4&#8243; _builder_version=&#8221;4.24.2&#8243; _module_preset=&#8221;default&#8221; global_colors_info=&#8221;{}&#8221;][et_pb_text _builder_version=&#8221;4.24.2&#8243; _module_preset=&#8221;a71a5122-3537-4d1b-aa15-649fe0057a23&#8243; text_font=&#8221;Work Sans||||||||&#8221; text_font_size=&#8221;16px&#8221; text_line_height=&#8221;1.8em&#8221; text_font_size_tablet=&#8221;15px&#8221; text_font_size_phone=&#8221;14px&#8221; text_font_size_last_edited=&#8221;on|desktop&#8221; locked=&#8221;off&#8221; global_colors_info=&#8221;{}&#8221;]<\/p>\n<p>Atesa la diversitat d&#8217;edats i col\u00b7lectius dels destinataris a qui van adre\u00e7ats els Tallers EEI; les explicacions dels continguts programats i els recursos utilitzats en les activitats s\u2019adequaran a cada col\u00b7lectiu, modificant les explicacions i les activitats segons convingui. En concret, es disposar\u00e0 de <strong>3 tipologies de recursos did\u00e0ctics adaptats a 3 grups d&#8217;edat<\/strong>: Cicle Mitj\u00e0 i Superior de Prim\u00e0ria (8-12 anys), Educaci\u00f3 Secund\u00e0ria Obligat\u00f2ria i Batxillerat (13-17 anys) i poblaci\u00f3 adulta (&gt;18 anys).<\/p>\n<p>[\/et_pb_text][\/et_pb_column][\/et_pb_row][et_pb_row column_structure=&#8221;1_3,1_3,1_3&#8243; _builder_version=&#8221;4.24.2&#8243; _module_preset=&#8221;default&#8221; global_colors_info=&#8221;{}&#8221;][et_pb_column type=&#8221;1_3&#8243; _builder_version=&#8221;4.24.2&#8243; _module_preset=&#8221;default&#8221; global_colors_info=&#8221;{}&#8221;][et_pb_image src=&#8221;https:\/\/www.biosferaeduca.com\/exogarraf\/wp-content\/uploads\/2024\/09\/TallersFoto9.jpg&#8221; _builder_version=&#8221;4.24.2&#8243; _module_preset=&#8221;default&#8221; title_text=&#8221;TallersFoto9&#8243;][\/et_pb_image][\/et_pb_column][et_pb_column type=&#8221;1_3&#8243; _builder_version=&#8221;4.24.2&#8243; _module_preset=&#8221;default&#8221; global_colors_info=&#8221;{}&#8221;][et_pb_image src=&#8221;https:\/\/www.biosferaeduca.com\/exogarraf\/wp-content\/uploads\/2024\/09\/TallersFoto10.jpg&#8221; title_text=&#8221;TallersFoto10&#8243; _builder_version=&#8221;4.24.2&#8243; _module_preset=&#8221;default&#8221; global_colors_info=&#8221;{}&#8221;][\/et_pb_image][\/et_pb_column][et_pb_column type=&#8221;1_3&#8243; _builder_version=&#8221;4.24.2&#8243; _module_preset=&#8221;default&#8221; global_colors_info=&#8221;{}&#8221;][et_pb_image src=&#8221;https:\/\/www.biosferaeduca.com\/exogarraf\/wp-content\/uploads\/2024\/09\/TallersFoto11.jpg&#8221; title_text=&#8221;TallersFoto11&#8243; _builder_version=&#8221;4.24.2&#8243; _module_preset=&#8221;default&#8221; global_colors_info=&#8221;{}&#8221;][\/et_pb_image][\/et_pb_column][\/et_pb_row][et_pb_row column_structure=&#8221;1_3,1_3,1_3&#8243; _builder_version=&#8221;4.24.2&#8243; _module_preset=&#8221;default&#8221; global_colors_info=&#8221;{}&#8221;][et_pb_column type=&#8221;1_3&#8243; _builder_version=&#8221;4.24.2&#8243; _module_preset=&#8221;default&#8221; global_colors_info=&#8221;{}&#8221;][et_pb_image src=&#8221;https:\/\/www.biosferaeduca.com\/exogarraf\/wp-content\/uploads\/2024\/09\/TallersFoto12.jpg&#8221; title_text=&#8221;TallersFoto12&#8243; _builder_version=&#8221;4.24.2&#8243; _module_preset=&#8221;default&#8221; hover_enabled=&#8221;0&#8243; global_colors_info=&#8221;{}&#8221; sticky_enabled=&#8221;0&#8243;][\/et_pb_image][\/et_pb_column][et_pb_column type=&#8221;1_3&#8243; _builder_version=&#8221;4.24.2&#8243; _module_preset=&#8221;default&#8221; global_colors_info=&#8221;{}&#8221;][et_pb_image src=&#8221;https:\/\/www.biosferaeduca.com\/exogarraf\/wp-content\/uploads\/2024\/09\/TallersFoto13.jpg&#8221; _builder_version=&#8221;4.24.2&#8243; _module_preset=&#8221;default&#8221; title_text=&#8221;TallersFoto13&#8243; hover_enabled=&#8221;0&#8243; sticky_enabled=&#8221;0&#8243;][\/et_pb_image][\/et_pb_column][et_pb_column type=&#8221;1_3&#8243; _builder_version=&#8221;4.24.2&#8243; _module_preset=&#8221;default&#8221; global_colors_info=&#8221;{}&#8221;][\/et_pb_column][\/et_pb_row][et_pb_row _builder_version=&#8221;4.24.2&#8243; _module_preset=&#8221;default&#8221; custom_margin=&#8221;25px|auto||auto||&#8221; global_colors_info=&#8221;{}&#8221;][et_pb_column type=&#8221;4_4&#8243; _builder_version=&#8221;4.24.2&#8243; _module_preset=&#8221;default&#8221; global_colors_info=&#8221;{}&#8221;][et_pb_text _builder_version=&#8221;4.24.2&#8243; _module_preset=&#8221;a71a5122-3537-4d1b-aa15-649fe0057a23&#8243; text_font=&#8221;Work Sans||||||||&#8221; text_font_size=&#8221;16px&#8221; text_line_height=&#8221;1.8em&#8221; text_font_size_tablet=&#8221;15px&#8221; text_font_size_phone=&#8221;14px&#8221; text_font_size_last_edited=&#8221;on|desktop&#8221; locked=&#8221;off&#8221; global_colors_info=&#8221;{}&#8221;]<\/p>\n<p>En coordinaci\u00f3 amb les \u201cJornades d\u2019erradicaci\u00f3 de plantes ex\u00f2tiques a les costes del Garraf\u201d, es duran a terme Tallers a l\u2019aula amb centres escolars i col\u00b7lectius dels municipis adjacents als espais naturals protegits on es realitzaran les Jornades d\u2019erradicaci\u00f3 de plantes invasores amb voluntariat (comarques del Barcelon\u00e8s, Baix Llobregat, Alt Pened\u00e8s i Garraf), i on es realitzaran les Jornades d\u2019erradicaci\u00f3 de flora ex\u00f2tica invasora amb voluntariat, que permetin maximitzar l&#8217;inter\u00e8s local i la participaci\u00f3 ciutadana a les Jornades. En aquests casos, durant la realitzaci\u00f3 del Taller EEI es posar\u00e0 \u00e8mfasi en explicar <strong>la biodiversitat de la flora aut\u00f2ctona del Parc del Garraf, l\u2019Espai Natural dels Colls i Miralpeix i la riera de Ribes i la problem\u00e0tica de les plantes ex\u00f2tiques invasores<\/strong> per a la seva conservaci\u00f3. A m\u00e9s a m\u00e9s, es far\u00e0 entrega d&#8217;un exemplar del tr\u00edptic divulgatiu de les Jornades d\u2019erradicaci\u00f3 de plantes invasores per a cada participant, i de diversos exemplars del p\u00f2ster divulgatiu per cada grup per a la seva difusi\u00f3.<\/p>\n<p>[\/et_pb_text][\/et_pb_column][\/et_pb_row][\/et_pb_section]<\/p>\n","protected":false},"excerpt":{"rendered":"<p>Sensibilitzaci\u00f3 ambiental i erradicaci\u00f3 de plantes ex\u00f2tiques invasores per a la conservaci\u00f3 dels espais naturals de la costa del GarrafTALLERS A L\u2019AULALes esp\u00e8cies ex\u00f2tiques invasores en els ecosistemes naturals i la biodiversitatL\u2019objectiu dels Tallers d\u2019Esp\u00e8cies Ex\u00f2tiques Invasores (EEI) \u00e9s la\u00a0sensibilitzaci\u00f3 ambiental sobre la problem\u00e0tica de les EEI dels ecosistemes aqu\u00e0tics, litorals i marins de Catalunya: [&hellip;]<\/p>\n","protected":false},"author":1,"featured_media":0,"parent":0,"menu_order":0,"comment_status":"closed","ping_status":"closed","template":"","meta":{"_et_pb_use_builder":"on","_et_pb_old_content":"","_et_gb_content_width":"","footnotes":""},"class_list":["post-88","page","type-page","status-publish","hentry"],"_links":{"self":[{"href":"https:\/\/www.biosferaeduca.com\/exogarraf\/wp-json\/wp\/v2\/pages\/88","targetHints":{"allow":["GET"]}}],"collection":[{"href":"https:\/\/www.biosferaeduca.com\/exogarraf\/wp-json\/wp\/v2\/pages"}],"about":[{"href":"https:\/\/www.biosferaeduca.com\/exogarraf\/wp-json\/wp\/v2\/types\/page"}],"author":[{"embeddable":true,"href":"https:\/\/www.biosferaeduca.com\/exogarraf\/wp-json\/wp\/v2\/users\/1"}],"replies":[{"embeddable":true,"href":"https:\/\/www.biosferaeduca.com\/exogarraf\/wp-json\/wp\/v2\/comments?post=88"}],"version-history":[{"count":16,"href":"https:\/\/www.biosferaeduca.com\/exogarraf\/wp-json\/wp\/v2\/pages\/88\/revisions"}],"predecessor-version":[{"id":246,"href":"https:\/\/www.biosferaeduca.com\/exogarraf\/wp-json\/wp\/v2\/pages\/88\/revisions\/246"}],"wp:attachment":[{"href":"https:\/\/www.biosferaeduca.com\/exogarraf\/wp-json\/wp\/v2\/media?parent=88"}],"curies":[{"name":"wp","href":"https:\/\/api.w.org\/{rel}","templated":true}]}}