{"id":2357,"date":"2025-02-06T09:58:21","date_gmt":"2025-02-06T07:58:21","guid":{"rendered":"https:\/\/www.biosferaeduca.com\/naturabegur\/?page_id=2357"},"modified":"2026-03-25T14:04:01","modified_gmt":"2026-03-25T12:04:01","slug":"conservacio-i-recerca-terrestre","status":"publish","type":"page","link":"https:\/\/www.biosferaeduca.com\/naturabegur\/conservacio-i-recerca\/conservacio-i-recerca-terrestre\/","title":{"rendered":"CONSERVACI\u00d3 I RECERCA TERRESTRE"},"content":{"rendered":"<p><div class=\"fusion-fullwidth fullwidth-box fusion-builder-row-1 fusion-flex-container has-pattern-background has-mask-background nonhundred-percent-fullwidth non-hundred-percent-height-scrolling\" style=\"--awb-border-radius-top-left:0px;--awb-border-radius-top-right:0px;--awb-border-radius-bottom-right:0px;--awb-border-radius-bottom-left:0px;--awb-flex-wrap:wrap;\" ><div class=\"fusion-builder-row fusion-row fusion-flex-align-items-flex-start fusion-flex-content-wrap\" style=\"max-width:1310.4px;margin-left: calc(-4% \/ 2 );margin-right: calc(-4% \/ 2 );\"><div class=\"fusion-layout-column fusion_builder_column fusion-builder-column-0 fusion_builder_column_1_1 1_1 fusion-flex-column\" style=\"--awb-bg-size:cover;--awb-width-large:100%;--awb-margin-top-large:20px;--awb-spacing-right-large:1.92%;--awb-margin-bottom-large:20px;--awb-spacing-left-large:1.92%;--awb-width-medium:100%;--awb-order-medium:0;--awb-spacing-right-medium:1.92%;--awb-spacing-left-medium:1.92%;--awb-width-small:100%;--awb-order-small:0;--awb-spacing-right-small:1.92%;--awb-spacing-left-small:1.92%;\"><div class=\"fusion-column-wrapper fusion-column-has-shadow fusion-flex-justify-content-flex-start fusion-content-layout-column\"><div class=\"fusion-text fusion-text-1\"><h4>Biodiversitat i h\u00e0bitats de l\u2019EIN Muntanyes de Begur<\/h4>\n<p>L\u2019\u00e0mbit terrestre de l\u2019EIN Muntanyes de Begur acull una gran diversitat d\u2019h\u00e0bitats naturals d\u2019alt valor ecol\u00f2gic, que formen part del patrimoni natural mediterrani. Des de matollars i pinedes mediterr\u00e0nies fins a penya-segats costaners amb vegetaci\u00f3 end\u00e8mica, uns ecosistemes que <strong>ofereixen refugi a milers d\u2019esp\u00e8cies de flora i fauna<\/strong>.<\/p>\n<p>Molts d\u2019aquests ecosistemes estan reconeguts com a H\u00e0bitats d\u2019Inter\u00e8s Comunitari (HIC) i estan protegits per la Directiva d\u2019H\u00e0bitats de la Uni\u00f3 Europea (92\/43\/CEE), que en destaca la import\u00e0ncia per a la conservaci\u00f3 de la biodiversitat i la protecci\u00f3 d\u2019esp\u00e8cies amena\u00e7ades.<\/p>\n<p>Entre els h\u00e0bitats presents a l\u2019espai natural, hi destaquen:<\/p>\n<ul>\n<li>HIC 1240. Penya-segats de les costes mediterr\u00e0nies colonitzats per vegetaci\u00f3, amb ensopegueres (Limonium spp.) end\u00e8miques.<\/li>\n<li>HIC 5330. Matollars termo-mediterranis i predes\u00e8rtics.<\/li>\n<li>HIC 5410. Matollars pulviniformes dels caps de penya-segats costaners, a la Mediterr\u00e0nia occidental.<\/li>\n<li>HIC 2270. Dunes amb pinedes de pi pinyer o de pinastre.<\/li>\n<li>HIC 9330. Suredes.<\/li>\n<li>HIC 9340. Alzinars i carrascars.<\/li>\n<li>HIC 9540. Pinedes mediterr\u00e0nies.<\/li>\n<\/ul>\n<\/div><\/div><\/div><\/div><\/div><div class=\"fusion-fullwidth fullwidth-box fusion-builder-row-2 fusion-flex-container has-pattern-background has-mask-background nonhundred-percent-fullwidth non-hundred-percent-height-scrolling\" style=\"--awb-border-radius-top-left:0px;--awb-border-radius-top-right:0px;--awb-border-radius-bottom-right:0px;--awb-border-radius-bottom-left:0px;--awb-flex-wrap:wrap;\" ><div class=\"fusion-builder-row fusion-row fusion-flex-align-items-flex-start fusion-flex-content-wrap\" style=\"max-width:1310.4px;margin-left: calc(-4% \/ 2 );margin-right: calc(-4% \/ 2 );\"><div class=\"fusion-layout-column fusion_builder_column fusion-builder-column-1 fusion_builder_column_1_1 1_1 fusion-flex-column\" style=\"--awb-bg-size:cover;--awb-width-large:100%;--awb-margin-top-large:20px;--awb-spacing-right-large:1.92%;--awb-margin-bottom-large:20px;--awb-spacing-left-large:1.92%;--awb-width-medium:100%;--awb-order-medium:0;--awb-spacing-right-medium:1.92%;--awb-spacing-left-medium:1.92%;--awb-width-small:100%;--awb-order-small:0;--awb-spacing-right-small:1.92%;--awb-spacing-left-small:1.92%;\"><div class=\"fusion-column-wrapper fusion-column-has-shadow fusion-flex-justify-content-flex-start fusion-content-layout-column\"><div class=\"awb-gallery-wrapper awb-gallery-wrapper-1 button-span-no\" style=\"--more-btn-alignment:center;\"><div style=\"margin:-5px;--awb-bordersize:0px;\" class=\"fusion-gallery fusion-gallery-container fusion-grid-4 fusion-columns-total-4 fusion-gallery-layout-grid fusion-gallery-1\"><div style=\"padding:5px;\" class=\"fusion-grid-column fusion-gallery-column fusion-gallery-column-4 hover-type-none\"><div class=\"fusion-gallery-image\"><a href=\"https:\/\/www.biosferaeduca.com\/naturabegur\/wp-content\/uploads\/2026\/03\/CRT3.jpg\" rel=\"noreferrer\" data-rel=\"iLightbox[gallery_image_1]\" class=\"fusion-lightbox\" target=\"_self\"><img decoding=\"async\" src=\"https:\/\/www.biosferaeduca.com\/naturabegur\/wp-content\/uploads\/2026\/03\/CRT3-320x202.jpg\" width=\"320\" height=\"202\" alt=\"\" title=\"CRT3\" aria-label=\"CRT3\" class=\"img-responsive wp-image-2762 fusion-gallery-image-size-fixed\" srcset=\"https:\/\/www.biosferaeduca.com\/naturabegur\/wp-content\/uploads\/2026\/03\/CRT3-320x202.jpg 320w, https:\/\/www.biosferaeduca.com\/naturabegur\/wp-content\/uploads\/2026\/03\/CRT3-700x441.jpg 700w\" sizes=\"(max-width: 320px) 100vw, 320px\" \/><\/a><\/div><\/div><div style=\"padding:5px;\" class=\"fusion-grid-column fusion-gallery-column fusion-gallery-column-4 hover-type-none\"><div class=\"fusion-gallery-image\"><a href=\"https:\/\/www.biosferaeduca.com\/naturabegur\/wp-content\/uploads\/2026\/03\/CRT4.jpg\" rel=\"noreferrer\" data-rel=\"iLightbox[gallery_image_1]\" class=\"fusion-lightbox\" target=\"_self\"><img decoding=\"async\" src=\"https:\/\/www.biosferaeduca.com\/naturabegur\/wp-content\/uploads\/2026\/03\/CRT4-320x202.jpg\" width=\"320\" height=\"202\" alt=\"\" title=\"CRT4\" aria-label=\"CRT4\" class=\"img-responsive wp-image-2761 fusion-gallery-image-size-fixed\" srcset=\"https:\/\/www.biosferaeduca.com\/naturabegur\/wp-content\/uploads\/2026\/03\/CRT4-320x202.jpg 320w, https:\/\/www.biosferaeduca.com\/naturabegur\/wp-content\/uploads\/2026\/03\/CRT4-700x441.jpg 700w\" sizes=\"(max-width: 320px) 100vw, 320px\" \/><\/a><\/div><\/div><div style=\"padding:5px;\" class=\"fusion-grid-column fusion-gallery-column fusion-gallery-column-4 hover-type-none\"><div class=\"fusion-gallery-image\"><a href=\"https:\/\/www.biosferaeduca.com\/naturabegur\/wp-content\/uploads\/2026\/03\/CRT5.jpg\" rel=\"noreferrer\" data-rel=\"iLightbox[gallery_image_1]\" class=\"fusion-lightbox\" target=\"_self\"><img decoding=\"async\" src=\"https:\/\/www.biosferaeduca.com\/naturabegur\/wp-content\/uploads\/2026\/03\/CRT5-320x202.jpg\" width=\"320\" height=\"202\" alt=\"\" title=\"CRT5\" aria-label=\"CRT5\" class=\"img-responsive wp-image-2760 fusion-gallery-image-size-fixed\" srcset=\"https:\/\/www.biosferaeduca.com\/naturabegur\/wp-content\/uploads\/2026\/03\/CRT5-320x202.jpg 320w, https:\/\/www.biosferaeduca.com\/naturabegur\/wp-content\/uploads\/2026\/03\/CRT5-700x441.jpg 700w\" sizes=\"(max-width: 320px) 100vw, 320px\" \/><\/a><\/div><\/div><div style=\"padding:5px;\" class=\"fusion-grid-column fusion-gallery-column fusion-gallery-column-4 hover-type-none\"><div class=\"fusion-gallery-image\"><a href=\"https:\/\/www.biosferaeduca.com\/naturabegur\/wp-content\/uploads\/2026\/03\/CRT6.jpg\" rel=\"noreferrer\" data-rel=\"iLightbox[gallery_image_1]\" class=\"fusion-lightbox\" target=\"_self\"><img decoding=\"async\" src=\"https:\/\/www.biosferaeduca.com\/naturabegur\/wp-content\/uploads\/2026\/03\/CRT6-320x202.jpg\" width=\"320\" height=\"202\" alt=\"\" title=\"CRT6\" aria-label=\"CRT6\" class=\"img-responsive wp-image-2759 fusion-gallery-image-size-fixed\" srcset=\"https:\/\/www.biosferaeduca.com\/naturabegur\/wp-content\/uploads\/2026\/03\/CRT6-320x202.jpg 320w, https:\/\/www.biosferaeduca.com\/naturabegur\/wp-content\/uploads\/2026\/03\/CRT6-700x441.jpg 700w\" sizes=\"(max-width: 320px) 100vw, 320px\" \/><\/a><\/div><\/div><div class=\"clearfix\"><\/div><\/div><\/div><\/div><\/div><\/div><\/div><div class=\"fusion-fullwidth fullwidth-box fusion-builder-row-3 fusion-flex-container has-pattern-background has-mask-background nonhundred-percent-fullwidth non-hundred-percent-height-scrolling\" style=\"--awb-border-radius-top-left:0px;--awb-border-radius-top-right:0px;--awb-border-radius-bottom-right:0px;--awb-border-radius-bottom-left:0px;--awb-flex-wrap:wrap;\" ><div class=\"fusion-builder-row fusion-row fusion-flex-align-items-flex-start fusion-flex-content-wrap\" style=\"max-width:1310.4px;margin-left: calc(-4% \/ 2 );margin-right: calc(-4% \/ 2 );\"><div class=\"fusion-layout-column fusion_builder_column fusion-builder-column-2 fusion_builder_column_1_1 1_1 fusion-flex-column\" style=\"--awb-bg-size:cover;--awb-width-large:100%;--awb-margin-top-large:20px;--awb-spacing-right-large:1.92%;--awb-margin-bottom-large:20px;--awb-spacing-left-large:1.92%;--awb-width-medium:100%;--awb-order-medium:0;--awb-spacing-right-medium:1.92%;--awb-spacing-left-medium:1.92%;--awb-width-small:100%;--awb-order-small:0;--awb-spacing-right-small:1.92%;--awb-spacing-left-small:1.92%;\"><div class=\"fusion-column-wrapper fusion-column-has-shadow fusion-flex-justify-content-flex-start fusion-content-layout-column\"><div class=\"fusion-text fusion-text-2\"><h4>Accions de conservaci\u00f3 i recerca terrestre<\/h4>\n<p>Per millorar el coneixement i l\u2019estat de conservaci\u00f3 dels h\u00e0bitats terrestres, el projecte NATURABEGUR impulsa diverses actuacions de conservaci\u00f3, restauraci\u00f3 i recerca cient\u00edfica:<\/p>\n<ul>\n<li><a href=\"https:\/\/www.biosferaeduca.com\/naturabegur\/conservacio-i-recerca\/conservacio-i-recerca-terrestre\/erradicacio-de-plantes-invasores\/\">Erradicaci\u00f3 de plantes invasores<\/a><\/li>\n<li><a href=\"https:\/\/www.biosferaeduca.com\/naturabegur\/conservacio-i-recerca\/conservacio-i-recerca-terrestre\/arrenca-les-plantes-invasores-del-teu-jardi\/\">Arrenca les plantes invasores del teu jard\u00ed<\/a><\/li>\n<li><a href=\"https:\/\/www.biosferaeduca.com\/naturabegur\/conservacio-i-recerca\/conservacio-i-recerca-terrestre\/seguiment-de-la-biodiversitat-terrestre\/\">Seguiment cient\u00edfic de la biodiversitat terrestre<\/a><\/li>\n<\/ul>\n<\/div><\/div><\/div><\/div><\/div><div class=\"fusion-fullwidth fullwidth-box fusion-builder-row-4 fusion-flex-container has-pattern-background has-mask-background nonhundred-percent-fullwidth non-hundred-percent-height-scrolling\" style=\"--awb-border-radius-top-left:0px;--awb-border-radius-top-right:0px;--awb-border-radius-bottom-right:0px;--awb-border-radius-bottom-left:0px;--awb-flex-wrap:wrap;\" ><div class=\"fusion-builder-row fusion-row fusion-flex-align-items-flex-start fusion-flex-content-wrap\" style=\"max-width:1310.4px;margin-left: calc(-4% \/ 2 );margin-right: calc(-4% \/ 2 );\"><div class=\"fusion-layout-column fusion_builder_column fusion-builder-column-3 fusion_builder_column_1_2 1_2 fusion-flex-column fusion-column-inner-bg-wrapper\" style=\"--awb-inner-bg-size:cover;--awb-width-large:50%;--awb-margin-top-large:20px;--awb-spacing-right-large:3.84%;--awb-margin-bottom-large:20px;--awb-spacing-left-large:3.84%;--awb-width-medium:50%;--awb-order-medium:0;--awb-spacing-right-medium:3.84%;--awb-spacing-left-medium:3.84%;--awb-width-small:100%;--awb-order-small:0;--awb-spacing-right-small:1.92%;--awb-spacing-left-small:1.92%;\" data-scroll-devices=\"small-visibility,medium-visibility,large-visibility\"><span class=\"fusion-column-inner-bg hover-type-none\"><a class=\"fusion-column-anchor\" href=\"https:\/\/www.biosferaeduca.com\/naturabegur\/wp-content\/uploads\/2026\/03\/Poster-terrestre-NATURABEGUR.pdf\" rel=\"noopener noreferrer\" target=\"_blank\"><span class=\"fusion-column-inner-bg-image\"><\/span><\/a><\/span><div class=\"fusion-column-wrapper fusion-column-has-shadow fusion-flex-justify-content-flex-start fusion-content-layout-column\"><div class=\"fusion-title title fusion-title-1 fusion-sep-none fusion-title-center fusion-title-text fusion-title-size-four\"><h4 class=\"fusion-title-heading title-heading-center fusion-responsive-typography-calculated\" style=\"margin:0;--fontSize:24;--minFontSize:24;line-height:1.42;\"><p style=\"text-align: center;\"><span lang=\"ca-ES\">P\u00f2ster Terrestre de l\u2019EIN Muntanyes de Begur <\/span><\/p><\/h4><\/div><div class=\"fusion-image-element \" style=\"--awb-caption-title-font-family:var(--h2_typography-font-family);--awb-caption-title-font-weight:var(--h2_typography-font-weight);--awb-caption-title-font-style:var(--h2_typography-font-style);--awb-caption-title-size:var(--h2_typography-font-size);--awb-caption-title-transform:var(--h2_typography-text-transform);--awb-caption-title-line-height:var(--h2_typography-line-height);--awb-caption-title-letter-spacing:var(--h2_typography-letter-spacing);\"><span class=\" fusion-imageframe imageframe-none imageframe-1 hover-type-none\" style=\"border-radius:12px;\"><img decoding=\"async\" width=\"742\" height=\"1050\" title=\"CRT7\" src=\"https:\/\/www.biosferaeduca.com\/naturabegur\/wp-content\/uploads\/2026\/03\/CRT7.jpg\" data-orig-src=\"https:\/\/www.biosferaeduca.com\/naturabegur\/wp-content\/uploads\/2026\/03\/CRT7.jpg\" alt class=\"lazyload img-responsive wp-image-2758\" srcset=\"data:image\/svg+xml,%3Csvg%20xmlns%3D%27http%3A%2F%2Fwww.w3.org%2F2000%2Fsvg%27%20width%3D%27742%27%20height%3D%271050%27%20viewBox%3D%270%200%20742%201050%27%3E%3Crect%20width%3D%27742%27%20height%3D%271050%27%20fill-opacity%3D%220%22%2F%3E%3C%2Fsvg%3E\" data-srcset=\"https:\/\/www.biosferaeduca.com\/naturabegur\/wp-content\/uploads\/2026\/03\/CRT7-200x283.jpg 200w, https:\/\/www.biosferaeduca.com\/naturabegur\/wp-content\/uploads\/2026\/03\/CRT7-400x566.jpg 400w, https:\/\/www.biosferaeduca.com\/naturabegur\/wp-content\/uploads\/2026\/03\/CRT7-600x849.jpg 600w, https:\/\/www.biosferaeduca.com\/naturabegur\/wp-content\/uploads\/2026\/03\/CRT7.jpg 742w\" data-sizes=\"auto\" data-orig-sizes=\"(max-width: 640px) 100vw, 600px\" \/><\/span><\/div><\/div><\/div><div class=\"fusion-layout-column fusion_builder_column fusion-builder-column-4 fusion_builder_column_1_2 1_2 fusion-flex-column fusion-column-inner-bg-wrapper\" style=\"--awb-inner-bg-size:cover;--awb-width-large:50%;--awb-margin-top-large:20px;--awb-spacing-right-large:3.84%;--awb-margin-bottom-large:20px;--awb-spacing-left-large:3.84%;--awb-width-medium:50%;--awb-order-medium:0;--awb-spacing-right-medium:3.84%;--awb-spacing-left-medium:3.84%;--awb-width-small:100%;--awb-order-small:0;--awb-spacing-right-small:1.92%;--awb-spacing-left-small:1.92%;\" data-scroll-devices=\"small-visibility,medium-visibility,large-visibility\"><span class=\"fusion-column-inner-bg hover-type-none\"><a class=\"fusion-column-anchor\" href=\"https:\/\/www.biosferaeduca.com\/naturabegur\/wp-content\/uploads\/2026\/03\/Triptic-terrestre-NATURABEGUR.pdf\" rel=\"noopener noreferrer\" target=\"_blank\"><span class=\"fusion-column-inner-bg-image\"><\/span><\/a><\/span><div class=\"fusion-column-wrapper fusion-column-has-shadow fusion-flex-justify-content-flex-start fusion-content-layout-column\"><div class=\"fusion-title title fusion-title-2 fusion-sep-none fusion-title-center fusion-title-text fusion-title-size-four\"><h4 class=\"fusion-title-heading title-heading-center fusion-responsive-typography-calculated\" style=\"margin:0;--fontSize:24;--minFontSize:24;line-height:1.42;\"><p style=\"text-align: center;\"><span lang=\"ca-ES\">Tr\u00edptic Terrestre de l\u2019EIN Muntanyes de Begur<\/span><\/p><\/h4><\/div><div class=\"fusion-image-element \" style=\"--awb-caption-title-font-family:var(--h2_typography-font-family);--awb-caption-title-font-weight:var(--h2_typography-font-weight);--awb-caption-title-font-style:var(--h2_typography-font-style);--awb-caption-title-size:var(--h2_typography-font-size);--awb-caption-title-transform:var(--h2_typography-text-transform);--awb-caption-title-line-height:var(--h2_typography-line-height);--awb-caption-title-letter-spacing:var(--h2_typography-letter-spacing);\"><span class=\" fusion-imageframe imageframe-none imageframe-2 hover-type-none\" style=\"border-radius:12px;\"><img decoding=\"async\" width=\"1400\" height=\"991\" title=\"CRT8\" src=\"https:\/\/www.biosferaeduca.com\/naturabegur\/wp-content\/uploads\/2026\/03\/CRT8.jpg\" data-orig-src=\"https:\/\/www.biosferaeduca.com\/naturabegur\/wp-content\/uploads\/2026\/03\/CRT8.jpg\" alt class=\"lazyload img-responsive wp-image-2757\" srcset=\"data:image\/svg+xml,%3Csvg%20xmlns%3D%27http%3A%2F%2Fwww.w3.org%2F2000%2Fsvg%27%20width%3D%271400%27%20height%3D%27991%27%20viewBox%3D%270%200%201400%20991%27%3E%3Crect%20width%3D%271400%27%20height%3D%27991%27%20fill-opacity%3D%220%22%2F%3E%3C%2Fsvg%3E\" data-srcset=\"https:\/\/www.biosferaeduca.com\/naturabegur\/wp-content\/uploads\/2026\/03\/CRT8-200x142.jpg 200w, https:\/\/www.biosferaeduca.com\/naturabegur\/wp-content\/uploads\/2026\/03\/CRT8-400x283.jpg 400w, https:\/\/www.biosferaeduca.com\/naturabegur\/wp-content\/uploads\/2026\/03\/CRT8-600x425.jpg 600w, https:\/\/www.biosferaeduca.com\/naturabegur\/wp-content\/uploads\/2026\/03\/CRT8-800x566.jpg 800w, https:\/\/www.biosferaeduca.com\/naturabegur\/wp-content\/uploads\/2026\/03\/CRT8-1200x849.jpg 1200w, https:\/\/www.biosferaeduca.com\/naturabegur\/wp-content\/uploads\/2026\/03\/CRT8.jpg 1400w\" data-sizes=\"auto\" data-orig-sizes=\"(max-width: 640px) 100vw, 600px\" \/><\/span><\/div><\/div><\/div><\/div><\/div><\/p>\n","protected":false},"excerpt":{"rendered":"","protected":false},"author":1,"featured_media":0,"parent":2391,"menu_order":0,"comment_status":"closed","ping_status":"closed","template":"","meta":{"footnotes":""},"class_list":["post-2357","page","type-page","status-publish","hentry"],"_links":{"self":[{"href":"https:\/\/www.biosferaeduca.com\/naturabegur\/wp-json\/wp\/v2\/pages\/2357","targetHints":{"allow":["GET"]}}],"collection":[{"href":"https:\/\/www.biosferaeduca.com\/naturabegur\/wp-json\/wp\/v2\/pages"}],"about":[{"href":"https:\/\/www.biosferaeduca.com\/naturabegur\/wp-json\/wp\/v2\/types\/page"}],"author":[{"embeddable":true,"href":"https:\/\/www.biosferaeduca.com\/naturabegur\/wp-json\/wp\/v2\/users\/1"}],"replies":[{"embeddable":true,"href":"https:\/\/www.biosferaeduca.com\/naturabegur\/wp-json\/wp\/v2\/comments?post=2357"}],"version-history":[{"count":8,"href":"https:\/\/www.biosferaeduca.com\/naturabegur\/wp-json\/wp\/v2\/pages\/2357\/revisions"}],"predecessor-version":[{"id":2807,"href":"https:\/\/www.biosferaeduca.com\/naturabegur\/wp-json\/wp\/v2\/pages\/2357\/revisions\/2807"}],"up":[{"embeddable":true,"href":"https:\/\/www.biosferaeduca.com\/naturabegur\/wp-json\/wp\/v2\/pages\/2391"}],"wp:attachment":[{"href":"https:\/\/www.biosferaeduca.com\/naturabegur\/wp-json\/wp\/v2\/media?parent=2357"}],"curies":[{"name":"wp","href":"https:\/\/api.w.org\/{rel}","templated":true}]}}