{"id":2403,"date":"2025-02-06T11:30:23","date_gmt":"2025-02-06T09:30:23","guid":{"rendered":"https:\/\/www.biosferaeduca.com\/naturabegur\/?page_id=2403"},"modified":"2026-03-25T13:26:22","modified_gmt":"2026-03-25T11:26:22","slug":"seguiment-de-la-biodiversitat-terrestre","status":"publish","type":"page","link":"https:\/\/www.biosferaeduca.com\/naturabegur\/conservacio-i-recerca\/conservacio-i-recerca-terrestre\/seguiment-de-la-biodiversitat-terrestre\/","title":{"rendered":"Seguiment cient\u00edfic de la biodiversitat terrestre"},"content":{"rendered":"<div class=\"fusion-fullwidth fullwidth-box fusion-builder-row-1 fusion-flex-container has-pattern-background has-mask-background nonhundred-percent-fullwidth non-hundred-percent-height-scrolling\" style=\"--awb-border-radius-top-left:0px;--awb-border-radius-top-right:0px;--awb-border-radius-bottom-right:0px;--awb-border-radius-bottom-left:0px;--awb-flex-wrap:wrap;\" ><div class=\"fusion-builder-row fusion-row fusion-flex-align-items-flex-start fusion-flex-content-wrap\" style=\"max-width:1310.4px;margin-left: calc(-4% \/ 2 );margin-right: calc(-4% \/ 2 );\"><div class=\"fusion-layout-column fusion_builder_column fusion-builder-column-0 fusion_builder_column_1_1 1_1 fusion-flex-column\" style=\"--awb-bg-size:cover;--awb-width-large:100%;--awb-margin-top-large:20px;--awb-spacing-right-large:1.92%;--awb-margin-bottom-large:20px;--awb-spacing-left-large:1.92%;--awb-width-medium:100%;--awb-order-medium:0;--awb-spacing-right-medium:1.92%;--awb-spacing-left-medium:1.92%;--awb-width-small:100%;--awb-order-small:0;--awb-spacing-right-small:1.92%;--awb-spacing-left-small:1.92%;\"><div class=\"fusion-column-wrapper fusion-column-has-shadow fusion-flex-justify-content-flex-start fusion-content-layout-column\"><div class=\"fusion-text fusion-text-1\"><h4>Monitoritzar la salut dels ecosistemes<\/h4>\n<p>El projecte NATURABEGUR impulsa un sistema de <strong>seguiment cient\u00edfic per con\u00e8ixer l\u2019estat de conservaci\u00f3 dels h\u00e0bitats terrestres<\/strong> de l\u2019EIN Muntanyes de Begur i detectar els impactes del canvi global, com el canvi clim\u00e0tic o la pres\u00e8ncia d\u2019esp\u00e8cies invasores. Aquest monitoratge permetr\u00e0 avaluar l\u2019evoluci\u00f3 de l\u2019estat de conservaci\u00f3 i la biodiversitat dels ecosistemes terrestres, disposant d\u2019informaci\u00f3 clau per protegir i gestionar de manera m\u00e9s eficient la biodiversitat de les Muntanyes de Begur a llarg termini.<\/p>\n<\/div><div class=\"awb-gallery-wrapper awb-gallery-wrapper-1 button-span-no\" style=\"--more-btn-alignment:center;\"><div style=\"margin:-5px;--awb-bordersize:0px;\" class=\"fusion-gallery fusion-gallery-container fusion-grid-3 fusion-columns-total-3 fusion-gallery-layout-grid fusion-gallery-1\"><div style=\"padding:5px;\" class=\"fusion-grid-column fusion-gallery-column fusion-gallery-column-3 hover-type-none\"><div class=\"fusion-gallery-image\"><a href=\"https:\/\/www.biosferaeduca.com\/naturabegur\/wp-content\/uploads\/2026\/03\/CRT27.jpg\" rel=\"noreferrer\" data-rel=\"iLightbox[gallery_image_1]\" class=\"fusion-lightbox\" target=\"_self\"><img decoding=\"async\" src=\"https:\/\/www.biosferaeduca.com\/naturabegur\/wp-content\/uploads\/2026\/03\/CRT27-460x295.jpg\" width=\"460\" height=\"295\" alt=\"\" title=\"CRT27\" aria-label=\"CRT27\" class=\"img-responsive wp-image-2739 fusion-gallery-image-size-fixed\"  \/><\/a><\/div><\/div><div style=\"padding:5px;\" class=\"fusion-grid-column fusion-gallery-column fusion-gallery-column-3 hover-type-none\"><div class=\"fusion-gallery-image\"><a href=\"https:\/\/www.biosferaeduca.com\/naturabegur\/wp-content\/uploads\/2026\/03\/CRT28.jpg\" rel=\"noreferrer\" data-rel=\"iLightbox[gallery_image_1]\" class=\"fusion-lightbox\" target=\"_self\"><img decoding=\"async\" src=\"https:\/\/www.biosferaeduca.com\/naturabegur\/wp-content\/uploads\/2026\/03\/CRT28-460x295.jpg\" width=\"460\" height=\"295\" alt=\"\" title=\"CRT28\" aria-label=\"CRT28\" class=\"img-responsive wp-image-2738 fusion-gallery-image-size-fixed\"  \/><\/a><\/div><\/div><div style=\"padding:5px;\" class=\"fusion-grid-column fusion-gallery-column fusion-gallery-column-3 hover-type-none\"><div class=\"fusion-gallery-image\"><a href=\"https:\/\/www.biosferaeduca.com\/naturabegur\/wp-content\/uploads\/2026\/03\/CRT29.jpg\" rel=\"noreferrer\" data-rel=\"iLightbox[gallery_image_1]\" class=\"fusion-lightbox\" target=\"_self\"><img decoding=\"async\" src=\"https:\/\/www.biosferaeduca.com\/naturabegur\/wp-content\/uploads\/2026\/03\/CRT29-460x295.jpg\" width=\"460\" height=\"295\" alt=\"\" title=\"CRT29\" aria-label=\"CRT29\" class=\"img-responsive wp-image-2737 fusion-gallery-image-size-fixed\"  \/><\/a><\/div><\/div><div class=\"clearfix\"><\/div><\/div><\/div><div class=\"fusion-text fusion-text-2\"><h5>Objectius:<\/h5>\n<ul>\n<li>Monitoritzar l\u2019estat de conservaci\u00f3 dels h\u00e0bitats terrestres d\u2019inter\u00e8s comunitari presents a l\u2019espai natural.<\/li>\n<li>Detectar canvis en la biodiversitat i en l\u2019estructura dels ecosistemes al llarg del temps.<\/li>\n<li>Avaluar els impactes del canvi global.<\/li>\n<li>Generar dades cient\u00edfiques que ajudin a la presa de decisions en la gesti\u00f3 per a la conservaci\u00f3 dels espais naturals protegits.<\/li>\n<\/ul>\n<\/div><div class=\"fusion-image-element \" style=\"text-align:center;--awb-caption-title-font-family:var(--h2_typography-font-family);--awb-caption-title-font-weight:var(--h2_typography-font-weight);--awb-caption-title-font-style:var(--h2_typography-font-style);--awb-caption-title-size:var(--h2_typography-font-size);--awb-caption-title-transform:var(--h2_typography-text-transform);--awb-caption-title-line-height:var(--h2_typography-line-height);--awb-caption-title-letter-spacing:var(--h2_typography-letter-spacing);\"><span class=\" fusion-imageframe imageframe-none imageframe-1 hover-type-none\" style=\"border-radius:12px;\"><img decoding=\"async\" width=\"800\" height=\"896\" title=\"CRT30\" src=\"https:\/\/www.biosferaeduca.com\/naturabegur\/wp-content\/uploads\/2026\/03\/CRT30.jpg\" data-orig-src=\"https:\/\/www.biosferaeduca.com\/naturabegur\/wp-content\/uploads\/2026\/03\/CRT30-800x896.jpg\" alt class=\"lazyload img-responsive wp-image-2736\" srcset=\"data:image\/svg+xml,%3Csvg%20xmlns%3D%27http%3A%2F%2Fwww.w3.org%2F2000%2Fsvg%27%20width%3D%27937%27%20height%3D%271050%27%20viewBox%3D%270%200%20937%201050%27%3E%3Crect%20width%3D%27937%27%20height%3D%271050%27%20fill-opacity%3D%220%22%2F%3E%3C%2Fsvg%3E\" data-srcset=\"https:\/\/www.biosferaeduca.com\/naturabegur\/wp-content\/uploads\/2026\/03\/CRT30-200x224.jpg 200w, https:\/\/www.biosferaeduca.com\/naturabegur\/wp-content\/uploads\/2026\/03\/CRT30-400x448.jpg 400w, https:\/\/www.biosferaeduca.com\/naturabegur\/wp-content\/uploads\/2026\/03\/CRT30-600x672.jpg 600w, https:\/\/www.biosferaeduca.com\/naturabegur\/wp-content\/uploads\/2026\/03\/CRT30-800x896.jpg 800w, https:\/\/www.biosferaeduca.com\/naturabegur\/wp-content\/uploads\/2026\/03\/CRT30.jpg 937w\" data-sizes=\"auto\" data-orig-sizes=\"(max-width: 640px) 100vw, 800px\" \/><\/span><\/div><div class=\"fusion-text fusion-text-3\"><h4>Dades clau:<\/h4>\n<ul>\n<li>20 parcel\u00b7les permanents de monitoratge<\/li>\n<li>5 h\u00e0bitats d\u2019inter\u00e8s comunitari estudiats<\/li>\n<\/ul>\n<\/div><div class=\"fusion-text fusion-text-4\"><h4>Com actuem?<\/h4>\n<h5>Parcel\u00b7les permanents de seguiment cient\u00edfic<\/h5>\n<p>A l\u2019EIN Muntanyes de Begur, s\u2019instal\u00b7laran parcel\u00b7les permanents de monitoratge en els h\u00e0bitats d\u2019inter\u00e8s comunitari terrestres de l\u2019espai natural. Es seguir\u00e0 la <a href=\"https:\/\/mediambient.gencat.cat\/ca\/05_ambits_dactuacio\/avaluacio_ambiental\/eines_documentacio_tecnica\/eines\/metodologia-per-avaluar-lestat-de-conservacio-dels-habitats-de-catalunya\/index.html\" target=\"_blank\" rel=\"noopener\">Metodologia per avaluar l&#8217;estat de conservaci\u00f3 dels h\u00e0bitats de Catalunya<\/a>, dissenyada per a con\u00e8ixer l\u2019estat de conservaci\u00f3 dels ecosistemes i detectar canvis al llarg del temps<\/p>\n<\/div><div class=\"awb-gallery-wrapper awb-gallery-wrapper-2 button-span-no\" style=\"--more-btn-alignment:center;\"><div style=\"margin:-5px;--awb-bordersize:0px;\" class=\"fusion-gallery fusion-gallery-container fusion-grid-3 fusion-columns-total-3 fusion-gallery-layout-grid fusion-gallery-2\"><div style=\"padding:5px;\" class=\"fusion-grid-column fusion-gallery-column fusion-gallery-column-3 hover-type-none\"><div class=\"fusion-gallery-image\"><a href=\"https:\/\/www.biosferaeduca.com\/naturabegur\/wp-content\/uploads\/2026\/03\/CRT31.jpg\" rel=\"noreferrer\" data-rel=\"iLightbox[gallery_image_2]\" class=\"fusion-lightbox\" target=\"_self\"><img decoding=\"async\" src=\"https:\/\/www.biosferaeduca.com\/naturabegur\/wp-content\/uploads\/2026\/03\/CRT31-460x295.jpg\" width=\"460\" height=\"295\" alt=\"\" title=\"CRT31\" aria-label=\"CRT31\" class=\"img-responsive wp-image-2735 fusion-gallery-image-size-fixed\"  \/><\/a><\/div><\/div><div style=\"padding:5px;\" class=\"fusion-grid-column fusion-gallery-column fusion-gallery-column-3 hover-type-none\"><div class=\"fusion-gallery-image\"><a href=\"https:\/\/www.biosferaeduca.com\/naturabegur\/wp-content\/uploads\/2026\/03\/CRT32.jpg\" rel=\"noreferrer\" data-rel=\"iLightbox[gallery_image_2]\" class=\"fusion-lightbox\" target=\"_self\"><img decoding=\"async\" src=\"https:\/\/www.biosferaeduca.com\/naturabegur\/wp-content\/uploads\/2026\/03\/CRT32-460x295.jpg\" width=\"460\" height=\"295\" alt=\"\" title=\"CRT32\" aria-label=\"CRT32\" class=\"img-responsive wp-image-2734 fusion-gallery-image-size-fixed\"  \/><\/a><\/div><\/div><div style=\"padding:5px;\" class=\"fusion-grid-column fusion-gallery-column fusion-gallery-column-3 hover-type-none\"><div class=\"fusion-gallery-image\"><a href=\"https:\/\/www.biosferaeduca.com\/naturabegur\/wp-content\/uploads\/2026\/03\/CRT33.jpg\" rel=\"noreferrer\" data-rel=\"iLightbox[gallery_image_2]\" class=\"fusion-lightbox\" target=\"_self\"><img decoding=\"async\" src=\"https:\/\/www.biosferaeduca.com\/naturabegur\/wp-content\/uploads\/2026\/03\/CRT33-460x295.jpg\" width=\"460\" height=\"295\" alt=\"\" title=\"CRT33\" aria-label=\"CRT33\" class=\"img-responsive wp-image-2733 fusion-gallery-image-size-fixed\"  \/><\/a><\/div><\/div><div class=\"clearfix\"><\/div><\/div><\/div><div class=\"fusion-separator fusion-full-width-sep\" style=\"align-self: center;margin-left: auto;margin-right: auto;margin-top:30px;width:100%;\"><\/div><div class=\"fusion-text fusion-text-5\"><p>Per tal de detectar tend\u00e8ncies ecol\u00f2giques i possibles amenaces per als h\u00e0bitats naturals, a les parcel\u00b7les s\u2019analitzen els canvis temporals en:<\/p>\n<ul>\n<li>Composici\u00f3 i estructura de la vegetaci\u00f3<\/li>\n<li>Biodiversitat<\/li>\n<li>Pres\u00e8ncia i expansi\u00f3 d\u2019esp\u00e8cies invasores<\/li>\n<li>Resili\u00e8ncia dels ecosistemes davant el canvi global<\/li>\n<\/ul>\n<\/div><div class=\"fusion-title title fusion-title-1 fusion-sep-none fusion-title-center fusion-title-text fusion-title-size-two\"><h2 class=\"fusion-title-heading title-heading-center fusion-responsive-typography-calculated\" style=\"margin:0;--fontSize:48;line-height:1.2;\">El seguiment cient\u00edfic a llarg termini \u00e9s una eina clau per protegir els ecosistemes mediterranis.<\/h2><\/div><div class=\"fusion-title title fusion-title-2 fusion-sep-none fusion-title-center fusion-title-text fusion-title-size-three\"><h3 class=\"fusion-title-heading title-heading-center fusion-responsive-typography-calculated\" style=\"margin:0;--fontSize:36;line-height:1.3;\"><em>El coneixement \u00e9s la base per a la gesti\u00f3 eficient i per garantir la conservaci\u00f3 de la biodiversitat de les Muntanyes de Begur per a les generacions futures.<\/em><\/h3><\/div><\/div><\/div><\/div><\/div>\n","protected":false},"excerpt":{"rendered":"","protected":false},"author":1,"featured_media":0,"parent":2357,"menu_order":0,"comment_status":"closed","ping_status":"closed","template":"","meta":{"footnotes":""},"class_list":["post-2403","page","type-page","status-publish","hentry"],"_links":{"self":[{"href":"https:\/\/www.biosferaeduca.com\/naturabegur\/wp-json\/wp\/v2\/pages\/2403","targetHints":{"allow":["GET"]}}],"collection":[{"href":"https:\/\/www.biosferaeduca.com\/naturabegur\/wp-json\/wp\/v2\/pages"}],"about":[{"href":"https:\/\/www.biosferaeduca.com\/naturabegur\/wp-json\/wp\/v2\/types\/page"}],"author":[{"embeddable":true,"href":"https:\/\/www.biosferaeduca.com\/naturabegur\/wp-json\/wp\/v2\/users\/1"}],"replies":[{"embeddable":true,"href":"https:\/\/www.biosferaeduca.com\/naturabegur\/wp-json\/wp\/v2\/comments?post=2403"}],"version-history":[{"count":6,"href":"https:\/\/www.biosferaeduca.com\/naturabegur\/wp-json\/wp\/v2\/pages\/2403\/revisions"}],"predecessor-version":[{"id":2806,"href":"https:\/\/www.biosferaeduca.com\/naturabegur\/wp-json\/wp\/v2\/pages\/2403\/revisions\/2806"}],"up":[{"embeddable":true,"href":"https:\/\/www.biosferaeduca.com\/naturabegur\/wp-json\/wp\/v2\/pages\/2357"}],"wp:attachment":[{"href":"https:\/\/www.biosferaeduca.com\/naturabegur\/wp-json\/wp\/v2\/media?parent=2403"}],"curies":[{"name":"wp","href":"https:\/\/api.w.org\/{rel}","templated":true}]}}