{"id":2404,"date":"2025-02-06T11:30:30","date_gmt":"2025-02-06T09:30:30","guid":{"rendered":"https:\/\/www.biosferaeduca.com\/naturabegur\/?page_id=2404"},"modified":"2026-03-25T13:25:21","modified_gmt":"2026-03-25T11:25:21","slug":"arrenca-les-plantes-invasores-del-teu-jardi","status":"publish","type":"page","link":"https:\/\/www.biosferaeduca.com\/naturabegur\/conservacio-i-recerca\/conservacio-i-recerca-terrestre\/arrenca-les-plantes-invasores-del-teu-jardi\/","title":{"rendered":"Arrenca les plantes invasores del teu jard\u00ed"},"content":{"rendered":"<div class=\"fusion-fullwidth fullwidth-box fusion-builder-row-1 fusion-flex-container has-pattern-background has-mask-background nonhundred-percent-fullwidth non-hundred-percent-height-scrolling\" style=\"--awb-border-radius-top-left:0px;--awb-border-radius-top-right:0px;--awb-border-radius-bottom-right:0px;--awb-border-radius-bottom-left:0px;--awb-flex-wrap:wrap;\" ><div class=\"fusion-builder-row fusion-row fusion-flex-align-items-flex-start fusion-flex-content-wrap\" style=\"max-width:1310.4px;margin-left: calc(-4% \/ 2 );margin-right: calc(-4% \/ 2 );\"><div class=\"fusion-layout-column fusion_builder_column fusion-builder-column-0 fusion_builder_column_1_1 1_1 fusion-flex-column\" style=\"--awb-bg-size:cover;--awb-width-large:100%;--awb-margin-top-large:20px;--awb-spacing-right-large:1.92%;--awb-margin-bottom-large:20px;--awb-spacing-left-large:1.92%;--awb-width-medium:100%;--awb-order-medium:0;--awb-spacing-right-medium:1.92%;--awb-spacing-left-medium:1.92%;--awb-width-small:100%;--awb-order-small:0;--awb-spacing-right-small:1.92%;--awb-spacing-left-small:1.92%;\"><div class=\"fusion-column-wrapper fusion-column-has-shadow fusion-flex-justify-content-flex-start fusion-content-layout-column\"><div class=\"fusion-text fusion-text-1\"><h4>Jardins amb plantes invasores que amenacen la biodiversitat<\/h4>\n<p>Moltes plantes invasores que avui afecten els ecosistemes naturals provenen de jardins particulars o de l\u2019enjardinament dels espais urbans. Esp\u00e8cies invasores com l\u2019ungla de gat (Carpobrotus spp.) s\u2019han plantat amb fins ornamentals i s\u2019han escapat dels jardins, colonitzant els h\u00e0bitats naturals adjacents i despla\u00e7ant la flora aut\u00f2ctona. La campanya \u201cArrenca les plantes invasores del teu jard\u00ed\u201d vol ajudar a la ciutadania i al sector professional a identificar, eliminar i substituir les plantes amb potencial invasor per alternatives respectuoses amb la biodiversitat aut\u00f2ctona. <strong>La reducci\u00f3 de plantes invasores en jardins disminuir\u00e0 el risc que s\u2019escampin als h\u00e0bitats naturals<\/strong> de les Muntanyes de Begur.<\/p>\n<\/div><div class=\"awb-gallery-wrapper awb-gallery-wrapper-1 button-span-no\" style=\"--more-btn-alignment:center;\"><div style=\"margin:-5px;--awb-bordersize:0px;\" class=\"fusion-gallery fusion-gallery-container fusion-grid-3 fusion-columns-total-3 fusion-gallery-layout-grid fusion-gallery-1\"><div style=\"padding:5px;\" class=\"fusion-grid-column fusion-gallery-column fusion-gallery-column-3 hover-type-none\"><div class=\"fusion-gallery-image\"><a href=\"https:\/\/www.biosferaeduca.com\/naturabegur\/wp-content\/uploads\/2026\/03\/CRT19.jpg\" rel=\"noreferrer\" data-rel=\"iLightbox[gallery_image_1]\" class=\"fusion-lightbox\" target=\"_self\"><img decoding=\"async\" src=\"https:\/\/www.biosferaeduca.com\/naturabegur\/wp-content\/uploads\/2026\/03\/CRT19-460x295.jpg\" width=\"460\" height=\"295\" alt=\"\" title=\"CRT19\" aria-label=\"CRT19\" class=\"img-responsive wp-image-2746 fusion-gallery-image-size-fixed\"  \/><\/a><\/div><\/div><div style=\"padding:5px;\" class=\"fusion-grid-column fusion-gallery-column fusion-gallery-column-3 hover-type-none\"><div class=\"fusion-gallery-image\"><a href=\"https:\/\/www.biosferaeduca.com\/naturabegur\/wp-content\/uploads\/2026\/03\/CRT20.jpg\" rel=\"noreferrer\" data-rel=\"iLightbox[gallery_image_1]\" class=\"fusion-lightbox\" target=\"_self\"><img decoding=\"async\" src=\"https:\/\/www.biosferaeduca.com\/naturabegur\/wp-content\/uploads\/2026\/03\/CRT20-460x295.jpg\" width=\"460\" height=\"295\" alt=\"\" title=\"CRT20\" aria-label=\"CRT20\" class=\"img-responsive wp-image-2745 fusion-gallery-image-size-fixed\"  \/><\/a><\/div><\/div><div style=\"padding:5px;\" class=\"fusion-grid-column fusion-gallery-column fusion-gallery-column-3 hover-type-none\"><div class=\"fusion-gallery-image\"><a href=\"https:\/\/www.biosferaeduca.com\/naturabegur\/wp-content\/uploads\/2026\/03\/CRT21.jpeg\" rel=\"noreferrer\" data-rel=\"iLightbox[gallery_image_1]\" class=\"fusion-lightbox\" target=\"_self\"><img decoding=\"async\" src=\"https:\/\/www.biosferaeduca.com\/naturabegur\/wp-content\/uploads\/2026\/03\/CRT21-460x295.jpeg\" width=\"460\" height=\"295\" alt=\"\" title=\"CRT21\" aria-label=\"CRT21\" class=\"img-responsive wp-image-2744 fusion-gallery-image-size-fixed\"  \/><\/a><\/div><\/div><div class=\"clearfix\"><\/div><\/div><\/div><div class=\"fusion-text fusion-text-2\"><h4>Objectius:<\/h4>\n<ul>\n<li><strong>Reduir la pres\u00e8ncia de plantes invasores<\/strong> en jardins particulars i espais verds<\/li>\n<li><strong>Promoure l\u2019\u00fas d\u2019esp\u00e8cies aut\u00f2ctones o no invasores<\/strong> en jardineria<\/li>\n<li><strong>Sensibilitzar la ciutadania i el sector professional<\/strong> sobre els impactes ecol\u00f2gics de les plantes invasores<\/li>\n<li><strong>Fomentar pr\u00e0ctiques de jardineria sostenible<\/strong> que protegeixin la biodiversitat de flora aut\u00f2ctona<\/li>\n<\/ul>\n<\/div><div class=\"fusion-text fusion-text-3\"><h4>Dades clau:<\/h4>\n<ul>\n<li>Visitar 1.000 cases amb jard\u00ed<\/li>\n<li>Implicar 30 empreses i professionals del sector de la jardineria<\/li>\n<\/ul>\n<\/div><div class=\"fusion-text fusion-text-4\"><h4>Com actuem?<\/h4>\n<h5>Visites a cases amb jard\u00ed<\/h5>\n<p>La campanya fa visites \u201cporta a porta\u201d a les persones propiet\u00e0ries de cases particulars amb jard\u00ed dels municipis de l\u2019EIN Muntanyes de Begur (Begur, Palafrugell, Pals i Regenc\u00f3s), per tal de:<\/p>\n<ul>\n<li><strong>Identificar les plantes invasores<\/strong> presents al jard\u00ed<\/li>\n<li><strong>Assessorament personalitzat<\/strong> a les persones propiet\u00e0ries<\/li>\n<li><strong>Propostes de substituci\u00f3<\/strong> per esp\u00e8cies aut\u00f2ctones o no invasores<\/li>\n<\/ul>\n<\/div><div class=\"awb-gallery-wrapper awb-gallery-wrapper-2 button-span-no\" style=\"--more-btn-alignment:center;\"><div style=\"margin:-5px;--awb-bordersize:0px;\" class=\"fusion-gallery fusion-gallery-container fusion-grid-3 fusion-columns-total-3 fusion-gallery-layout-grid fusion-gallery-2\"><div style=\"padding:5px;\" class=\"fusion-grid-column fusion-gallery-column fusion-gallery-column-3 hover-type-none\"><div class=\"fusion-gallery-image\"><a href=\"https:\/\/www.biosferaeduca.com\/naturabegur\/wp-content\/uploads\/2026\/03\/CRT22.jpg\" rel=\"noreferrer\" data-rel=\"iLightbox[gallery_image_2]\" class=\"fusion-lightbox\" target=\"_self\"><img decoding=\"async\" src=\"https:\/\/www.biosferaeduca.com\/naturabegur\/wp-content\/uploads\/2026\/03\/CRT22-460x295.jpg\" width=\"460\" height=\"295\" alt=\"\" title=\"CRT22\" aria-label=\"CRT22\" class=\"img-responsive wp-image-2732 fusion-gallery-image-size-fixed\"  \/><\/a><\/div><\/div><div style=\"padding:5px;\" class=\"fusion-grid-column fusion-gallery-column fusion-gallery-column-3 hover-type-none\"><div class=\"fusion-gallery-image\"><a href=\"https:\/\/www.biosferaeduca.com\/naturabegur\/wp-content\/uploads\/2026\/03\/CRT23.jpg\" rel=\"noreferrer\" data-rel=\"iLightbox[gallery_image_2]\" class=\"fusion-lightbox\" target=\"_self\"><img decoding=\"async\" src=\"https:\/\/www.biosferaeduca.com\/naturabegur\/wp-content\/uploads\/2026\/03\/CRT23-460x295.jpg\" width=\"460\" height=\"295\" alt=\"\" title=\"CRT23\" aria-label=\"CRT23\" class=\"img-responsive wp-image-2743 fusion-gallery-image-size-fixed\"  \/><\/a><\/div><\/div><div style=\"padding:5px;\" class=\"fusion-grid-column fusion-gallery-column fusion-gallery-column-3 hover-type-none\"><div class=\"fusion-gallery-image\"><a href=\"https:\/\/www.biosferaeduca.com\/naturabegur\/wp-content\/uploads\/2026\/03\/CRT24.jpg\" rel=\"noreferrer\" data-rel=\"iLightbox[gallery_image_2]\" class=\"fusion-lightbox\" target=\"_self\"><img decoding=\"async\" src=\"https:\/\/www.biosferaeduca.com\/naturabegur\/wp-content\/uploads\/2026\/03\/CRT24-460x295.jpg\" width=\"460\" height=\"295\" alt=\"\" title=\"CRT24\" aria-label=\"CRT24\" class=\"img-responsive wp-image-2742 fusion-gallery-image-size-fixed\"  \/><\/a><\/div><\/div><div class=\"clearfix\"><\/div><\/div><\/div><div class=\"fusion-text fusion-text-5\"><h4>Formaci\u00f3 del sector professional de la jardineria<\/h4>\n<p>La campanya tamb\u00e9 inclou sessions formatives dirigides a centres de jardineria, empreses de jardineria i als t\u00e8cnics municipals del sector, per tal d\u2019informar sobre:<\/p>\n<ul>\n<li><strong>Impactes ecol\u00f2gics, econ\u00f2mics i legals<\/strong> de les plantes invasores<\/li>\n<li><strong>Bones pr\u00e0ctiques en jardineria sostenible<\/strong><\/li>\n<li><strong>Alternatives vegetals adequades<\/strong> per a jardins mediterranis<\/li>\n<\/ul>\n<\/div><div class=\"fusion-image-element \" style=\"text-align:center;--awb-caption-title-font-family:var(--h2_typography-font-family);--awb-caption-title-font-weight:var(--h2_typography-font-weight);--awb-caption-title-font-style:var(--h2_typography-font-style);--awb-caption-title-size:var(--h2_typography-font-size);--awb-caption-title-transform:var(--h2_typography-text-transform);--awb-caption-title-line-height:var(--h2_typography-line-height);--awb-caption-title-letter-spacing:var(--h2_typography-letter-spacing);\"><span class=\" fusion-imageframe imageframe-none imageframe-1 hover-type-none\" style=\"border-radius:12px;\"><a class=\"fusion-no-lightbox\" href=\"https:\/\/www.biosferaeduca.com\/naturabegur\/wp-content\/uploads\/2026\/03\/Guia-jardineria-sostenible.pdf\" target=\"_blank\" aria-label=\"CRT25\" rel=\"noopener noreferrer\"><img decoding=\"async\" width=\"742\" height=\"1050\" src=\"https:\/\/www.biosferaeduca.com\/naturabegur\/wp-content\/uploads\/2026\/03\/CRT25.jpg\" data-orig-src=\"https:\/\/www.biosferaeduca.com\/naturabegur\/wp-content\/uploads\/2026\/03\/CRT25.jpg\" alt class=\"lazyload img-responsive wp-image-2741\" srcset=\"data:image\/svg+xml,%3Csvg%20xmlns%3D%27http%3A%2F%2Fwww.w3.org%2F2000%2Fsvg%27%20width%3D%27742%27%20height%3D%271050%27%20viewBox%3D%270%200%20742%201050%27%3E%3Crect%20width%3D%27742%27%20height%3D%271050%27%20fill-opacity%3D%220%22%2F%3E%3C%2Fsvg%3E\" data-srcset=\"https:\/\/www.biosferaeduca.com\/naturabegur\/wp-content\/uploads\/2026\/03\/CRT25-200x283.jpg 200w, https:\/\/www.biosferaeduca.com\/naturabegur\/wp-content\/uploads\/2026\/03\/CRT25-400x566.jpg 400w, https:\/\/www.biosferaeduca.com\/naturabegur\/wp-content\/uploads\/2026\/03\/CRT25-600x849.jpg 600w, https:\/\/www.biosferaeduca.com\/naturabegur\/wp-content\/uploads\/2026\/03\/CRT25.jpg 742w\" data-sizes=\"auto\" data-orig-sizes=\"(max-width: 640px) 100vw, 742px\" \/><\/a><\/span><\/div><div class=\"fusion-separator fusion-full-width-sep\" style=\"align-self: center;margin-left: auto;margin-right: auto;margin-top:30px;width:100%;\"><\/div><div class=\"fusion-image-element \" style=\"text-align:center;--awb-caption-title-font-family:var(--h2_typography-font-family);--awb-caption-title-font-weight:var(--h2_typography-font-weight);--awb-caption-title-font-style:var(--h2_typography-font-style);--awb-caption-title-size:var(--h2_typography-font-size);--awb-caption-title-transform:var(--h2_typography-text-transform);--awb-caption-title-line-height:var(--h2_typography-line-height);--awb-caption-title-letter-spacing:var(--h2_typography-letter-spacing);\"><span class=\" fusion-imageframe imageframe-none imageframe-2 hover-type-none\" style=\"border-radius:12px;\"><img decoding=\"async\" width=\"1400\" height=\"1016\" title=\"CRT26\" src=\"https:\/\/www.biosferaeduca.com\/naturabegur\/wp-content\/uploads\/2026\/03\/CRT26.jpg\" data-orig-src=\"https:\/\/www.biosferaeduca.com\/naturabegur\/wp-content\/uploads\/2026\/03\/CRT26.jpg\" alt class=\"lazyload img-responsive wp-image-2740\" srcset=\"data:image\/svg+xml,%3Csvg%20xmlns%3D%27http%3A%2F%2Fwww.w3.org%2F2000%2Fsvg%27%20width%3D%271400%27%20height%3D%271016%27%20viewBox%3D%270%200%201400%201016%27%3E%3Crect%20width%3D%271400%27%20height%3D%271016%27%20fill-opacity%3D%220%22%2F%3E%3C%2Fsvg%3E\" data-srcset=\"https:\/\/www.biosferaeduca.com\/naturabegur\/wp-content\/uploads\/2026\/03\/CRT26-200x145.jpg 200w, https:\/\/www.biosferaeduca.com\/naturabegur\/wp-content\/uploads\/2026\/03\/CRT26-400x290.jpg 400w, https:\/\/www.biosferaeduca.com\/naturabegur\/wp-content\/uploads\/2026\/03\/CRT26-600x435.jpg 600w, https:\/\/www.biosferaeduca.com\/naturabegur\/wp-content\/uploads\/2026\/03\/CRT26-800x581.jpg 800w, https:\/\/www.biosferaeduca.com\/naturabegur\/wp-content\/uploads\/2026\/03\/CRT26-1200x871.jpg 1200w, https:\/\/www.biosferaeduca.com\/naturabegur\/wp-content\/uploads\/2026\/03\/CRT26.jpg 1400w\" data-sizes=\"auto\" data-orig-sizes=\"(max-width: 640px) 100vw, 1400px\" \/><\/span><\/div><div class=\"fusion-separator fusion-full-width-sep\" style=\"align-self: center;margin-left: auto;margin-right: auto;margin-top:30px;width:100%;\"><\/div><div class=\"fusion-title title fusion-title-1 fusion-sep-none fusion-title-center fusion-title-text fusion-title-size-two\"><h2 class=\"fusion-title-heading title-heading-center fusion-responsive-typography-calculated\" style=\"margin:0;--fontSize:48;line-height:1.2;\">Les plantes invasores poden provocar grans impactes ecol\u00f2gics, econ\u00f2mics i paisatg\u00edstics.<\/h2><\/div><div class=\"fusion-title title fusion-title-2 fusion-sep-none fusion-title-center fusion-title-text fusion-title-size-three\"><h3 class=\"fusion-title-heading title-heading-center fusion-responsive-typography-calculated\" style=\"margin:0;--fontSize:36;line-height:1.3;\"><em>Transformem els jardins en aliats de la biodiversitat aut\u00f2ctona.<\/em><\/h3><\/div><\/div><\/div><\/div><\/div>\n","protected":false},"excerpt":{"rendered":"","protected":false},"author":1,"featured_media":0,"parent":2357,"menu_order":0,"comment_status":"closed","ping_status":"closed","template":"","meta":{"footnotes":""},"class_list":["post-2404","page","type-page","status-publish","hentry"],"_links":{"self":[{"href":"https:\/\/www.biosferaeduca.com\/naturabegur\/wp-json\/wp\/v2\/pages\/2404","targetHints":{"allow":["GET"]}}],"collection":[{"href":"https:\/\/www.biosferaeduca.com\/naturabegur\/wp-json\/wp\/v2\/pages"}],"about":[{"href":"https:\/\/www.biosferaeduca.com\/naturabegur\/wp-json\/wp\/v2\/types\/page"}],"author":[{"embeddable":true,"href":"https:\/\/www.biosferaeduca.com\/naturabegur\/wp-json\/wp\/v2\/users\/1"}],"replies":[{"embeddable":true,"href":"https:\/\/www.biosferaeduca.com\/naturabegur\/wp-json\/wp\/v2\/comments?post=2404"}],"version-history":[{"count":6,"href":"https:\/\/www.biosferaeduca.com\/naturabegur\/wp-json\/wp\/v2\/pages\/2404\/revisions"}],"predecessor-version":[{"id":2805,"href":"https:\/\/www.biosferaeduca.com\/naturabegur\/wp-json\/wp\/v2\/pages\/2404\/revisions\/2805"}],"up":[{"embeddable":true,"href":"https:\/\/www.biosferaeduca.com\/naturabegur\/wp-json\/wp\/v2\/pages\/2357"}],"wp:attachment":[{"href":"https:\/\/www.biosferaeduca.com\/naturabegur\/wp-json\/wp\/v2\/media?parent=2404"}],"curies":[{"name":"wp","href":"https:\/\/api.w.org\/{rel}","templated":true}]}}