{"id":2406,"date":"2025-02-06T11:30:50","date_gmt":"2025-02-06T09:30:50","guid":{"rendered":"https:\/\/www.biosferaeduca.com\/naturabegur\/?page_id=2406"},"modified":"2025-02-06T11:30:50","modified_gmt":"2025-02-06T09:30:50","slug":"dinamica-poblacional-de-posidonia-oceanica-i-el-seu-rol-en-la-mitigacio-i-adaptacio-al-canvi-climatic","status":"publish","type":"page","link":"https:\/\/www.biosferaeduca.com\/naturabegur\/conservacio-i-recerca\/conservacio-i-recerca-marina\/dinamica-poblacional-de-posidonia-oceanica-i-el-seu-rol-en-la-mitigacio-i-adaptacio-al-canvi-climatic\/","title":{"rendered":"Din\u00e0mica poblacional de Posidonia oceanica i el seu rol en la mitigaci\u00f3 i adaptaci\u00f3 al canvi clim\u00e0tic"},"content":{"rendered":"","protected":false},"excerpt":{"rendered":"","protected":false},"author":1,"featured_media":0,"parent":2358,"menu_order":0,"comment_status":"closed","ping_status":"closed","template":"","meta":{"footnotes":""},"class_list":["post-2406","page","type-page","status-publish","hentry"],"_links":{"self":[{"href":"https:\/\/www.biosferaeduca.com\/naturabegur\/wp-json\/wp\/v2\/pages\/2406","targetHints":{"allow":["GET"]}}],"collection":[{"href":"https:\/\/www.biosferaeduca.com\/naturabegur\/wp-json\/wp\/v2\/pages"}],"about":[{"href":"https:\/\/www.biosferaeduca.com\/naturabegur\/wp-json\/wp\/v2\/types\/page"}],"author":[{"embeddable":true,"href":"https:\/\/www.biosferaeduca.com\/naturabegur\/wp-json\/wp\/v2\/users\/1"}],"replies":[{"embeddable":true,"href":"https:\/\/www.biosferaeduca.com\/naturabegur\/wp-json\/wp\/v2\/comments?post=2406"}],"version-history":[{"count":1,"href":"https:\/\/www.biosferaeduca.com\/naturabegur\/wp-json\/wp\/v2\/pages\/2406\/revisions"}],"predecessor-version":[{"id":2416,"href":"https:\/\/www.biosferaeduca.com\/naturabegur\/wp-json\/wp\/v2\/pages\/2406\/revisions\/2416"}],"up":[{"embeddable":true,"href":"https:\/\/www.biosferaeduca.com\/naturabegur\/wp-json\/wp\/v2\/pages\/2358"}],"wp:attachment":[{"href":"https:\/\/www.biosferaeduca.com\/naturabegur\/wp-json\/wp\/v2\/media?parent=2406"}],"curies":[{"name":"wp","href":"https:\/\/api.w.org\/{rel}","templated":true}]}}