{"id":2410,"date":"2025-02-06T11:31:46","date_gmt":"2025-02-06T09:31:46","guid":{"rendered":"https:\/\/www.biosferaeduca.com\/naturabegur\/?page_id=2410"},"modified":"2026-03-19T17:02:48","modified_gmt":"2026-03-19T15:02:48","slug":"la-biodiversitat-vegetal-i-deixalles-plastics-i-impactes","status":"publish","type":"page","link":"https:\/\/www.biosferaeduca.com\/naturabegur\/ciencia-ciutadana\/la-biodiversitat-vegetal-i-deixalles-plastics-i-impactes\/","title":{"rendered":"&#8220;La biodiversitat vegetal&#8221; i &#8220;Deixalles, pl\u00e0stics i impactes&#8221;"},"content":{"rendered":"<p><div class=\"fusion-fullwidth fullwidth-box fusion-builder-row-1 fusion-flex-container has-pattern-background has-mask-background nonhundred-percent-fullwidth non-hundred-percent-height-scrolling\" style=\"--awb-border-radius-top-left:0px;--awb-border-radius-top-right:0px;--awb-border-radius-bottom-right:0px;--awb-border-radius-bottom-left:0px;--awb-flex-wrap:wrap;\" ><div class=\"fusion-builder-row fusion-row fusion-flex-align-items-flex-start fusion-flex-content-wrap\" style=\"max-width:1310.4px;margin-left: calc(-4% \/ 2 );margin-right: calc(-4% \/ 2 );\"><div class=\"fusion-layout-column fusion_builder_column fusion-builder-column-0 fusion_builder_column_1_1 1_1 fusion-flex-column\" style=\"--awb-bg-size:cover;--awb-width-large:100%;--awb-margin-top-large:20px;--awb-spacing-right-large:1.92%;--awb-margin-bottom-large:20px;--awb-spacing-left-large:1.92%;--awb-width-medium:100%;--awb-order-medium:0;--awb-spacing-right-medium:1.92%;--awb-spacing-left-medium:1.92%;--awb-width-small:100%;--awb-order-small:0;--awb-spacing-right-small:1.92%;--awb-spacing-left-small:1.92%;\"><div class=\"fusion-column-wrapper fusion-column-has-shadow fusion-flex-justify-content-flex-start fusion-content-layout-column\"><div class=\"fusion-text fusion-text-1\"><p>Els dos projectes de ci\u00e8ncia ciutadana de l\u2019\u00e0mbit terrestre combinen divulgaci\u00f3, recerca cient\u00edfica i participaci\u00f3 ciutadana per fer visible la biodiversitat i els impactes ambientals. Aquesta iniciativa permet crear una xarxa de persones compromeses amb la conservaci\u00f3 del territori, alhora que genera informaci\u00f3 cient\u00edfica \u00fatil per a la gesti\u00f3 sostenible dels h\u00e0bitats de l\u2019EIN Muntanyes de Begur.<\/p>\n<\/div><\/div><\/div><div class=\"fusion-layout-column fusion_builder_column fusion-builder-column-1 fusion_builder_column_1_2 1_2 fusion-flex-column\" style=\"--awb-bg-size:cover;--awb-width-large:50%;--awb-margin-top-large:20px;--awb-spacing-right-large:3.84%;--awb-margin-bottom-large:20px;--awb-spacing-left-large:3.84%;--awb-width-medium:50%;--awb-order-medium:0;--awb-spacing-right-medium:3.84%;--awb-spacing-left-medium:3.84%;--awb-width-small:100%;--awb-order-small:0;--awb-spacing-right-small:1.92%;--awb-spacing-left-small:1.92%;\"><div class=\"fusion-column-wrapper fusion-column-has-shadow fusion-flex-justify-content-flex-start fusion-content-layout-column\"><div class=\"fusion-text fusion-text-2\"><h4><a href=\"https:\/\/minka-sdg.org\/projects\/biodiversitat-terrestre-a-l-ein-muntanyes-de-begur\" target=\"_blank\" rel=\"noopener\">Biodiversitat terrestre a l&#8217;EIN Muntanyes de Begur<\/a><\/h4>\n<p>Aquest projecte t\u00e9 com a objectiu <strong>documentar la biodiversitat terrestre<\/strong>, incloent esp\u00e8cies aut\u00f2ctones i tamb\u00e9 esp\u00e8cies ex\u00f2tiques, generant coneixement clau sobre les esp\u00e8cies presents al territori.<\/p>\n<\/div><div class=\"fusion-image-element \" style=\"text-align:center;--awb-caption-title-font-family:var(--h2_typography-font-family);--awb-caption-title-font-weight:var(--h2_typography-font-weight);--awb-caption-title-font-style:var(--h2_typography-font-style);--awb-caption-title-size:var(--h2_typography-font-size);--awb-caption-title-transform:var(--h2_typography-text-transform);--awb-caption-title-line-height:var(--h2_typography-line-height);--awb-caption-title-letter-spacing:var(--h2_typography-letter-spacing);\"><span class=\" fusion-imageframe imageframe-none imageframe-1 hover-type-none\" style=\"border-radius:12px;\"><a class=\"fusion-no-lightbox\" href=\"https:\/\/minka-sdg.org\/projects\/biodiversitat-terrestre-a-l-ein-muntanyes-de-begur\" target=\"_blank\" aria-label=\"CC6\" rel=\"noopener noreferrer\"><img decoding=\"async\" width=\"400\" height=\"185\" src=\"https:\/\/www.biosferaeduca.com\/naturabegur\/wp-content\/uploads\/2026\/03\/CC6.jpg\" data-orig-src=\"https:\/\/www.biosferaeduca.com\/naturabegur\/wp-content\/uploads\/2026\/03\/CC6-400x185.jpg\" alt class=\"lazyload img-responsive wp-image-2676\" srcset=\"data:image\/svg+xml,%3Csvg%20xmlns%3D%27http%3A%2F%2Fwww.w3.org%2F2000%2Fsvg%27%20width%3D%271920%27%20height%3D%27886%27%20viewBox%3D%270%200%201920%20886%27%3E%3Crect%20width%3D%271920%27%20height%3D%27886%27%20fill-opacity%3D%220%22%2F%3E%3C%2Fsvg%3E\" data-srcset=\"https:\/\/www.biosferaeduca.com\/naturabegur\/wp-content\/uploads\/2026\/03\/CC6-200x92.jpg 200w, https:\/\/www.biosferaeduca.com\/naturabegur\/wp-content\/uploads\/2026\/03\/CC6-400x185.jpg 400w, https:\/\/www.biosferaeduca.com\/naturabegur\/wp-content\/uploads\/2026\/03\/CC6-600x277.jpg 600w, https:\/\/www.biosferaeduca.com\/naturabegur\/wp-content\/uploads\/2026\/03\/CC6-800x369.jpg 800w, https:\/\/www.biosferaeduca.com\/naturabegur\/wp-content\/uploads\/2026\/03\/CC6-1200x554.jpg 1200w, https:\/\/www.biosferaeduca.com\/naturabegur\/wp-content\/uploads\/2026\/03\/CC6.jpg 1920w\" data-sizes=\"auto\" data-orig-sizes=\"(max-width: 640px) 100vw, 600px\" \/><\/a><\/span><\/div><\/div><\/div><div class=\"fusion-layout-column fusion_builder_column fusion-builder-column-2 fusion_builder_column_1_2 1_2 fusion-flex-column\" style=\"--awb-bg-size:cover;--awb-width-large:50%;--awb-margin-top-large:20px;--awb-spacing-right-large:3.84%;--awb-margin-bottom-large:20px;--awb-spacing-left-large:3.84%;--awb-width-medium:50%;--awb-order-medium:0;--awb-spacing-right-medium:3.84%;--awb-spacing-left-medium:3.84%;--awb-width-small:100%;--awb-order-small:0;--awb-spacing-right-small:1.92%;--awb-spacing-left-small:1.92%;\"><div class=\"fusion-column-wrapper fusion-column-has-shadow fusion-flex-justify-content-flex-start fusion-content-layout-column\"><div class=\"fusion-text fusion-text-3\"><h4><a href=\"https:\/\/minka-sdg.org\/projects\/deixalles-a-l-ein-muntanyes-de-begur\" target=\"_blank\" rel=\"noopener\">Deixalles, pl\u00e0stics i impactes als ecosistemes terrestres<\/a><\/h4>\n<p>Aquest projecte permet <strong>registrar la pres\u00e8ncia de residus i altres impactes humans<\/strong> als ecosistemes terrestres, com abocaments de residus i runes al bosc, o la mortalitat d\u2019arbres a causa d\u2019un episodi de sequera. La informaci\u00f3 recollida ens ajudar\u00e0 a impulsar accions de neteja per conservar el nostre entorn natural.<\/p>\n<\/div><div class=\"fusion-image-element \" style=\"text-align:center;--awb-caption-title-font-family:var(--h2_typography-font-family);--awb-caption-title-font-weight:var(--h2_typography-font-weight);--awb-caption-title-font-style:var(--h2_typography-font-style);--awb-caption-title-size:var(--h2_typography-font-size);--awb-caption-title-transform:var(--h2_typography-text-transform);--awb-caption-title-line-height:var(--h2_typography-line-height);--awb-caption-title-letter-spacing:var(--h2_typography-letter-spacing);\"><span class=\" fusion-imageframe imageframe-none imageframe-2 hover-type-none\" style=\"border-radius:12px;\"><a class=\"fusion-no-lightbox\" href=\"https:\/\/minka-sdg.org\/projects\/deixalles-a-l-ein-muntanyes-de-begur\" target=\"_blank\" aria-label=\"CC7\" rel=\"noopener noreferrer\"><img decoding=\"async\" width=\"400\" height=\"97\" src=\"https:\/\/www.biosferaeduca.com\/naturabegur\/wp-content\/uploads\/2026\/03\/CC7.jpg\" data-orig-src=\"https:\/\/www.biosferaeduca.com\/naturabegur\/wp-content\/uploads\/2026\/03\/CC7-400x97.jpg\" alt class=\"lazyload img-responsive wp-image-2677\" srcset=\"data:image\/svg+xml,%3Csvg%20xmlns%3D%27http%3A%2F%2Fwww.w3.org%2F2000%2Fsvg%27%20width%3D%271920%27%20height%3D%27465%27%20viewBox%3D%270%200%201920%20465%27%3E%3Crect%20width%3D%271920%27%20height%3D%27465%27%20fill-opacity%3D%220%22%2F%3E%3C%2Fsvg%3E\" data-srcset=\"https:\/\/www.biosferaeduca.com\/naturabegur\/wp-content\/uploads\/2026\/03\/CC7-200x48.jpg 200w, https:\/\/www.biosferaeduca.com\/naturabegur\/wp-content\/uploads\/2026\/03\/CC7-400x97.jpg 400w, https:\/\/www.biosferaeduca.com\/naturabegur\/wp-content\/uploads\/2026\/03\/CC7-600x145.jpg 600w, https:\/\/www.biosferaeduca.com\/naturabegur\/wp-content\/uploads\/2026\/03\/CC7-800x194.jpg 800w, https:\/\/www.biosferaeduca.com\/naturabegur\/wp-content\/uploads\/2026\/03\/CC7-1200x291.jpg 1200w, https:\/\/www.biosferaeduca.com\/naturabegur\/wp-content\/uploads\/2026\/03\/CC7.jpg 1920w\" data-sizes=\"auto\" data-orig-sizes=\"(max-width: 640px) 100vw, 600px\" \/><\/a><\/span><\/div><\/div><\/div><\/div><\/div><div class=\"fusion-fullwidth fullwidth-box fusion-builder-row-2 fusion-flex-container has-pattern-background has-mask-background nonhundred-percent-fullwidth non-hundred-percent-height-scrolling\" style=\"--awb-border-radius-top-left:0px;--awb-border-radius-top-right:0px;--awb-border-radius-bottom-right:0px;--awb-border-radius-bottom-left:0px;--awb-margin-top:50px;--awb-flex-wrap:wrap;\" ><div class=\"fusion-builder-row fusion-row fusion-flex-align-items-flex-start fusion-flex-justify-content-center fusion-flex-content-wrap\" style=\"max-width:1310.4px;margin-left: calc(-4% \/ 2 );margin-right: calc(-4% \/ 2 );\"><div class=\"fusion-layout-column fusion_builder_column fusion-builder-column-3 fusion_builder_column_1_1 1_1 fusion-flex-column\" style=\"--awb-bg-size:cover;--awb-width-large:100%;--awb-margin-top-large:20px;--awb-spacing-right-large:1.92%;--awb-margin-bottom-large:20px;--awb-spacing-left-large:1.92%;--awb-width-medium:100%;--awb-order-medium:0;--awb-spacing-right-medium:1.92%;--awb-spacing-left-medium:1.92%;--awb-width-small:100%;--awb-order-small:0;--awb-spacing-right-small:1.92%;--awb-spacing-left-small:1.92%;\"><div class=\"fusion-column-wrapper fusion-column-has-shadow fusion-flex-justify-content-flex-start fusion-content-layout-column\"><div class=\"awb-gallery-wrapper awb-gallery-wrapper-1 button-span-no\" style=\"--more-btn-alignment:center;\" data-limit=\"2\" data-page=\"1\"><div style=\"margin:-5px;--awb-bordersize:0px;\" class=\"fusion-gallery fusion-gallery-container fusion-grid-2 fusion-columns-total-2 fusion-gallery-layout-masonry fusion-gallery-1\"><div class=\"fusion-grid-column fusion-gallery-column fusion-gallery-column-2 hover-type-none fusion-grid-sizer\"><\/div><div style=\"padding:5px;\" class=\"fusion-grid-column fusion-gallery-column fusion-gallery-column-2 hover-type-none fusion-element-grid\"><div class=\"fusion-gallery-image\"><a href=\"https:\/\/www.biosferaeduca.com\/naturabegur\/wp-content\/uploads\/2026\/03\/CC9.jpg\" rel=\"noreferrer\" data-rel=\"iLightbox[gallery_image_1]\" class=\"fusion-lightbox\" target=\"_self\"><div style=\"padding-top:calc((100% + 10px) * 0.8 - 5px);background-position:;\" class=\"fusion-masonry-element-container lazyload\" data-bg=\"https:\/\/www.biosferaeduca.com\/naturabegur\/wp-content\/uploads\/2026\/03\/CC9.jpg\"><img decoding=\"async\" src=\"https:\/\/www.biosferaeduca.com\/naturabegur\/wp-content\/uploads\/2026\/03\/CC9.jpg\" width=\"1024\" height=\"1024\" alt=\"\" title=\"CC9\" aria-label=\"CC9\" class=\"img-responsive wp-image-2679 fusion-gallery-image-size-fixed\" srcset=\"https:\/\/www.biosferaeduca.com\/naturabegur\/wp-content\/uploads\/2026\/03\/CC9-200x200.jpg 200w, https:\/\/www.biosferaeduca.com\/naturabegur\/wp-content\/uploads\/2026\/03\/CC9-400x400.jpg 400w, https:\/\/www.biosferaeduca.com\/naturabegur\/wp-content\/uploads\/2026\/03\/CC9-600x600.jpg 600w, https:\/\/www.biosferaeduca.com\/naturabegur\/wp-content\/uploads\/2026\/03\/CC9-800x800.jpg 800w, https:\/\/www.biosferaeduca.com\/naturabegur\/wp-content\/uploads\/2026\/03\/CC9.jpg 1024w\" sizes=\"(min-width: 2200px) 100vw, (min-width: 712px) 628px, (min-width: 640px) 712px, \" \/><\/div><\/a><\/div><\/div><div style=\"padding:5px;\" class=\"fusion-grid-column fusion-gallery-column fusion-gallery-column-2 hover-type-none fusion-element-grid\"><div class=\"fusion-gallery-image\"><a href=\"https:\/\/www.biosferaeduca.com\/naturabegur\/wp-content\/uploads\/2026\/03\/CC8.jpg\" rel=\"noreferrer\" data-rel=\"iLightbox[gallery_image_1]\" class=\"fusion-lightbox\" target=\"_self\"><div style=\"padding-top:calc((100% + 10px) * 0.8 - 5px);background-position:;\" class=\"fusion-masonry-element-container lazyload\" data-bg=\"https:\/\/www.biosferaeduca.com\/naturabegur\/wp-content\/uploads\/2026\/03\/CC8.jpg\"><img decoding=\"async\" src=\"https:\/\/www.biosferaeduca.com\/naturabegur\/wp-content\/uploads\/2026\/03\/CC8.jpg\" width=\"810\" height=\"1080\" alt=\"\" title=\"CC8\" aria-label=\"CC8\" class=\"img-responsive wp-image-2678 fusion-gallery-image-size-fixed\" srcset=\"https:\/\/www.biosferaeduca.com\/naturabegur\/wp-content\/uploads\/2026\/03\/CC8-200x267.jpg 200w, https:\/\/www.biosferaeduca.com\/naturabegur\/wp-content\/uploads\/2026\/03\/CC8-400x533.jpg 400w, https:\/\/www.biosferaeduca.com\/naturabegur\/wp-content\/uploads\/2026\/03\/CC8-600x800.jpg 600w, https:\/\/www.biosferaeduca.com\/naturabegur\/wp-content\/uploads\/2026\/03\/CC8-800x1067.jpg 800w, https:\/\/www.biosferaeduca.com\/naturabegur\/wp-content\/uploads\/2026\/03\/CC8.jpg 810w\" sizes=\"(min-width: 2200px) 100vw, (min-width: 712px) 628px, (min-width: 640px) 712px, \" \/><\/div><\/a><\/div><\/div><\/div><\/div><\/div><\/div><\/div><\/div><\/p>\n","protected":false},"excerpt":{"rendered":"","protected":false},"author":1,"featured_media":0,"parent":2360,"menu_order":0,"comment_status":"closed","ping_status":"closed","template":"","meta":{"footnotes":""},"class_list":["post-2410","page","type-page","status-publish","hentry"],"_links":{"self":[{"href":"https:\/\/www.biosferaeduca.com\/naturabegur\/wp-json\/wp\/v2\/pages\/2410","targetHints":{"allow":["GET"]}}],"collection":[{"href":"https:\/\/www.biosferaeduca.com\/naturabegur\/wp-json\/wp\/v2\/pages"}],"about":[{"href":"https:\/\/www.biosferaeduca.com\/naturabegur\/wp-json\/wp\/v2\/types\/page"}],"author":[{"embeddable":true,"href":"https:\/\/www.biosferaeduca.com\/naturabegur\/wp-json\/wp\/v2\/users\/1"}],"replies":[{"embeddable":true,"href":"https:\/\/www.biosferaeduca.com\/naturabegur\/wp-json\/wp\/v2\/comments?post=2410"}],"version-history":[{"count":9,"href":"https:\/\/www.biosferaeduca.com\/naturabegur\/wp-json\/wp\/v2\/pages\/2410\/revisions"}],"predecessor-version":[{"id":2714,"href":"https:\/\/www.biosferaeduca.com\/naturabegur\/wp-json\/wp\/v2\/pages\/2410\/revisions\/2714"}],"up":[{"embeddable":true,"href":"https:\/\/www.biosferaeduca.com\/naturabegur\/wp-json\/wp\/v2\/pages\/2360"}],"wp:attachment":[{"href":"https:\/\/www.biosferaeduca.com\/naturabegur\/wp-json\/wp\/v2\/media?parent=2410"}],"curies":[{"name":"wp","href":"https:\/\/api.w.org\/{rel}","templated":true}]}}