{"id":2411,"date":"2025-02-06T11:32:00","date_gmt":"2025-02-06T09:32:00","guid":{"rendered":"https:\/\/www.biosferaeduca.com\/naturabegur\/?page_id=2411"},"modified":"2026-03-23T13:42:51","modified_gmt":"2026-03-23T11:42:51","slug":"la-biodiversitat-marina-i-arts-de-pesca-abandonats-i-impactes-al-fons-mari","status":"publish","type":"page","link":"https:\/\/www.biosferaeduca.com\/naturabegur\/la-biodiversitat-marina-i-arts-de-pesca-abandonats-i-impactes-al-fons-mari\/","title":{"rendered":"&#8220;La biodiversitat marina&#8221; i &#8220;Arts de pesca abandonats i impactes al fons mar\u00ed&#8221;"},"content":{"rendered":"<p><div class=\"fusion-fullwidth fullwidth-box fusion-builder-row-1 fusion-flex-container has-pattern-background has-mask-background nonhundred-percent-fullwidth non-hundred-percent-height-scrolling\" style=\"--awb-border-radius-top-left:0px;--awb-border-radius-top-right:0px;--awb-border-radius-bottom-right:0px;--awb-border-radius-bottom-left:0px;--awb-flex-wrap:wrap;\" ><div class=\"fusion-builder-row fusion-row fusion-flex-align-items-flex-start fusion-flex-content-wrap\" style=\"max-width:1310.4px;margin-left: calc(-4% \/ 2 );margin-right: calc(-4% \/ 2 );\"><div class=\"fusion-layout-column fusion_builder_column fusion-builder-column-0 fusion_builder_column_1_1 1_1 fusion-flex-column\" style=\"--awb-bg-size:cover;--awb-width-large:100%;--awb-margin-top-large:20px;--awb-spacing-right-large:1.92%;--awb-margin-bottom-large:20px;--awb-spacing-left-large:1.92%;--awb-width-medium:100%;--awb-order-medium:0;--awb-spacing-right-medium:1.92%;--awb-spacing-left-medium:1.92%;--awb-width-small:100%;--awb-order-small:0;--awb-spacing-right-small:1.92%;--awb-spacing-left-small:1.92%;\"><div class=\"fusion-column-wrapper fusion-column-has-shadow fusion-flex-justify-content-flex-start fusion-content-layout-column\"><div class=\"fusion-text fusion-text-1\"><p>Els dos projectes de ci\u00e8ncia ciutadana de l\u2019\u00e0mbit mar\u00ed permeten <strong>connectar la ci\u00e8ncia, la societat i la pol\u00edtica<\/strong> per a preservar els ecosistemes marins de l\u2019EIN Muntanyes de Begur.<\/p>\n<p>Constitueixen un <strong>espai de gran valor ecol\u00f2gic<\/strong>, amb una elevada biodiversitat que ofereix serveis ecosist\u00e8mics essencials.<\/p>\n<\/div><\/div><\/div><div class=\"fusion-layout-column fusion_builder_column fusion-builder-column-1 fusion_builder_column_1_2 1_2 fusion-flex-column\" style=\"--awb-bg-size:cover;--awb-width-large:50%;--awb-margin-top-large:20px;--awb-spacing-right-large:3.84%;--awb-margin-bottom-large:20px;--awb-spacing-left-large:3.84%;--awb-width-medium:50%;--awb-order-medium:0;--awb-spacing-right-medium:3.84%;--awb-spacing-left-medium:3.84%;--awb-width-small:100%;--awb-order-small:0;--awb-spacing-right-small:1.92%;--awb-spacing-left-small:1.92%;\"><div class=\"fusion-column-wrapper fusion-column-has-shadow fusion-flex-justify-content-flex-start fusion-content-layout-column\"><div class=\"fusion-text fusion-text-2\"><h4><a href=\"https:\/\/minka-sdg.org\/projects\/biodiversitat-marina-a-l-ein-muntanyes-de-begur\" target=\"_blank\" rel=\"noopener\">La biodiversitat marina a l\u2019EIN Muntanyes de Begur<\/a><\/h4>\n<p>Aquest projecte t\u00e9 com a objectiu <strong>documentar l\u2019elevada biodiversitat d\u2019esp\u00e8cies marines<\/strong> presents a l\u2019espai natural, contribuint a millorar el coneixement i la gesti\u00f3 d\u2019h\u00e0bitats protegits com els alguers de <strong>posid\u00f2nia<\/strong> i els <strong>fons rocosos<\/strong> litorals.<\/p>\n<\/div><div class=\"fusion-image-element \" style=\"text-align:center;--awb-caption-title-font-family:var(--h2_typography-font-family);--awb-caption-title-font-weight:var(--h2_typography-font-weight);--awb-caption-title-font-style:var(--h2_typography-font-style);--awb-caption-title-size:var(--h2_typography-font-size);--awb-caption-title-transform:var(--h2_typography-text-transform);--awb-caption-title-line-height:var(--h2_typography-line-height);--awb-caption-title-letter-spacing:var(--h2_typography-letter-spacing);\"><span class=\" fusion-imageframe imageframe-none imageframe-1 hover-type-none\" style=\"border-radius:12px;\"><a class=\"fusion-no-lightbox\" href=\"https:\/\/minka-sdg.org\/projects\/biodiversitat-marina-a-l-ein-muntanyes-de-begur\" target=\"_blank\" aria-label=\"CC10\" rel=\"noopener noreferrer\"><img decoding=\"async\" width=\"600\" height=\"276\" src=\"https:\/\/www.biosferaeduca.com\/naturabegur\/wp-content\/uploads\/2026\/03\/CC10.jpg\" data-orig-src=\"https:\/\/www.biosferaeduca.com\/naturabegur\/wp-content\/uploads\/2026\/03\/CC10-600x276.jpg\" alt class=\"lazyload img-responsive wp-image-2680\" srcset=\"data:image\/svg+xml,%3Csvg%20xmlns%3D%27http%3A%2F%2Fwww.w3.org%2F2000%2Fsvg%27%20width%3D%271920%27%20height%3D%27884%27%20viewBox%3D%270%200%201920%20884%27%3E%3Crect%20width%3D%271920%27%20height%3D%27884%27%20fill-opacity%3D%220%22%2F%3E%3C%2Fsvg%3E\" data-srcset=\"https:\/\/www.biosferaeduca.com\/naturabegur\/wp-content\/uploads\/2026\/03\/CC10-200x92.jpg 200w, https:\/\/www.biosferaeduca.com\/naturabegur\/wp-content\/uploads\/2026\/03\/CC10-400x184.jpg 400w, https:\/\/www.biosferaeduca.com\/naturabegur\/wp-content\/uploads\/2026\/03\/CC10-600x276.jpg 600w, https:\/\/www.biosferaeduca.com\/naturabegur\/wp-content\/uploads\/2026\/03\/CC10-800x368.jpg 800w, https:\/\/www.biosferaeduca.com\/naturabegur\/wp-content\/uploads\/2026\/03\/CC10-1200x553.jpg 1200w, https:\/\/www.biosferaeduca.com\/naturabegur\/wp-content\/uploads\/2026\/03\/CC10.jpg 1920w\" data-sizes=\"auto\" data-orig-sizes=\"(max-width: 640px) 100vw, 600px\" \/><\/a><\/span><\/div><\/div><\/div><div class=\"fusion-layout-column fusion_builder_column fusion-builder-column-2 fusion_builder_column_1_2 1_2 fusion-flex-column\" style=\"--awb-bg-size:cover;--awb-width-large:50%;--awb-margin-top-large:20px;--awb-spacing-right-large:3.84%;--awb-margin-bottom-large:20px;--awb-spacing-left-large:3.84%;--awb-width-medium:50%;--awb-order-medium:0;--awb-spacing-right-medium:3.84%;--awb-spacing-left-medium:3.84%;--awb-width-small:100%;--awb-order-small:0;--awb-spacing-right-small:1.92%;--awb-spacing-left-small:1.92%;\"><div class=\"fusion-column-wrapper fusion-column-has-shadow fusion-flex-justify-content-flex-start fusion-content-layout-column\"><div class=\"fusion-text fusion-text-3\"><h4><a href=\"https:\/\/minka-sdg.org\/projects\/deixalles-marines-a-l-ein-muntanyes-de-begur\" target=\"_blank\" rel=\"noopener\">Arts de pesca abandonats, deixalles i impactes al fons mar\u00ed<\/a><\/h4>\n<p>Aquest projecte permet <strong>identificar i registrar residus i deixalles marines<\/strong>, com les arts de pesca abandonades, i altres impactes humans als ecosistemes marins. La informaci\u00f3 recollida ens ajudar\u00e0 a impulsar accions de neteja per conservar el nostres fons submarins.<\/p>\n<\/div><div class=\"fusion-image-element \" style=\"text-align:center;--awb-caption-title-font-family:var(--h2_typography-font-family);--awb-caption-title-font-weight:var(--h2_typography-font-weight);--awb-caption-title-font-style:var(--h2_typography-font-style);--awb-caption-title-size:var(--h2_typography-font-size);--awb-caption-title-transform:var(--h2_typography-text-transform);--awb-caption-title-line-height:var(--h2_typography-line-height);--awb-caption-title-letter-spacing:var(--h2_typography-letter-spacing);\"><span class=\" fusion-imageframe imageframe-none imageframe-2 hover-type-none\" style=\"border-radius:12px;\"><a class=\"fusion-no-lightbox\" href=\"https:\/\/minka-sdg.org\/projects\/deixalles-marines-a-l-ein-muntanyes-de-begur\" target=\"_blank\" aria-label=\"CC11\" rel=\"noopener noreferrer\"><img decoding=\"async\" width=\"600\" height=\"148\" src=\"https:\/\/www.biosferaeduca.com\/naturabegur\/wp-content\/uploads\/2026\/03\/CC11.jpg\" data-orig-src=\"https:\/\/www.biosferaeduca.com\/naturabegur\/wp-content\/uploads\/2026\/03\/CC11-600x148.jpg\" alt class=\"lazyload img-responsive wp-image-2681\" srcset=\"data:image\/svg+xml,%3Csvg%20xmlns%3D%27http%3A%2F%2Fwww.w3.org%2F2000%2Fsvg%27%20width%3D%271891%27%20height%3D%27468%27%20viewBox%3D%270%200%201891%20468%27%3E%3Crect%20width%3D%271891%27%20height%3D%27468%27%20fill-opacity%3D%220%22%2F%3E%3C%2Fsvg%3E\" data-srcset=\"https:\/\/www.biosferaeduca.com\/naturabegur\/wp-content\/uploads\/2026\/03\/CC11-200x49.jpg 200w, https:\/\/www.biosferaeduca.com\/naturabegur\/wp-content\/uploads\/2026\/03\/CC11-400x99.jpg 400w, https:\/\/www.biosferaeduca.com\/naturabegur\/wp-content\/uploads\/2026\/03\/CC11-600x148.jpg 600w, https:\/\/www.biosferaeduca.com\/naturabegur\/wp-content\/uploads\/2026\/03\/CC11-800x198.jpg 800w, https:\/\/www.biosferaeduca.com\/naturabegur\/wp-content\/uploads\/2026\/03\/CC11-1200x297.jpg 1200w, https:\/\/www.biosferaeduca.com\/naturabegur\/wp-content\/uploads\/2026\/03\/CC11.jpg 1891w\" data-sizes=\"auto\" data-orig-sizes=\"(max-width: 640px) 100vw, 600px\" \/><\/a><\/span><\/div><\/div><\/div><\/div><\/div><div class=\"fusion-fullwidth fullwidth-box fusion-builder-row-2 fusion-flex-container has-pattern-background has-mask-background nonhundred-percent-fullwidth non-hundred-percent-height-scrolling\" style=\"--awb-border-radius-top-left:0px;--awb-border-radius-top-right:0px;--awb-border-radius-bottom-right:0px;--awb-border-radius-bottom-left:0px;--awb-margin-top:50px;--awb-flex-wrap:wrap;\" ><div class=\"fusion-builder-row fusion-row fusion-flex-align-items-flex-start fusion-flex-justify-content-center fusion-flex-content-wrap\" style=\"max-width:1310.4px;margin-left: calc(-4% \/ 2 );margin-right: calc(-4% \/ 2 );\"><div class=\"fusion-layout-column fusion_builder_column fusion-builder-column-3 fusion_builder_column_1_1 1_1 fusion-flex-column\" style=\"--awb-bg-size:cover;--awb-width-large:100%;--awb-margin-top-large:20px;--awb-spacing-right-large:1.92%;--awb-margin-bottom-large:20px;--awb-spacing-left-large:1.92%;--awb-width-medium:100%;--awb-order-medium:0;--awb-spacing-right-medium:1.92%;--awb-spacing-left-medium:1.92%;--awb-width-small:100%;--awb-order-small:0;--awb-spacing-right-small:1.92%;--awb-spacing-left-small:1.92%;\"><div class=\"fusion-column-wrapper fusion-column-has-shadow fusion-flex-justify-content-flex-start fusion-content-layout-column\"><div class=\"fusion-image-element \" style=\"text-align:center;--awb-caption-title-font-family:var(--h2_typography-font-family);--awb-caption-title-font-weight:var(--h2_typography-font-weight);--awb-caption-title-font-style:var(--h2_typography-font-style);--awb-caption-title-size:var(--h2_typography-font-size);--awb-caption-title-transform:var(--h2_typography-text-transform);--awb-caption-title-line-height:var(--h2_typography-line-height);--awb-caption-title-letter-spacing:var(--h2_typography-letter-spacing);\"><span class=\" fusion-imageframe imageframe-none imageframe-3 hover-type-none\" style=\"border-radius:12px;\"><img decoding=\"async\" width=\"800\" height=\"533\" title=\"CC12\" src=\"https:\/\/www.biosferaeduca.com\/naturabegur\/wp-content\/uploads\/2026\/03\/CC12.jpg\" data-orig-src=\"https:\/\/www.biosferaeduca.com\/naturabegur\/wp-content\/uploads\/2026\/03\/CC12-800x533.jpg\" alt class=\"lazyload img-responsive wp-image-2682\" srcset=\"data:image\/svg+xml,%3Csvg%20xmlns%3D%27http%3A%2F%2Fwww.w3.org%2F2000%2Fsvg%27%20width%3D%271536%27%20height%3D%271024%27%20viewBox%3D%270%200%201536%201024%27%3E%3Crect%20width%3D%271536%27%20height%3D%271024%27%20fill-opacity%3D%220%22%2F%3E%3C%2Fsvg%3E\" data-srcset=\"https:\/\/www.biosferaeduca.com\/naturabegur\/wp-content\/uploads\/2026\/03\/CC12-200x133.jpg 200w, https:\/\/www.biosferaeduca.com\/naturabegur\/wp-content\/uploads\/2026\/03\/CC12-400x267.jpg 400w, https:\/\/www.biosferaeduca.com\/naturabegur\/wp-content\/uploads\/2026\/03\/CC12-600x400.jpg 600w, https:\/\/www.biosferaeduca.com\/naturabegur\/wp-content\/uploads\/2026\/03\/CC12-800x533.jpg 800w, https:\/\/www.biosferaeduca.com\/naturabegur\/wp-content\/uploads\/2026\/03\/CC12-1200x800.jpg 1200w, https:\/\/www.biosferaeduca.com\/naturabegur\/wp-content\/uploads\/2026\/03\/CC12.jpg 1536w\" data-sizes=\"auto\" data-orig-sizes=\"(max-width: 640px) 100vw, 800px\" \/><\/span><\/div><div class=\"fusion-separator fusion-full-width-sep\" style=\"align-self: center;margin-left: auto;margin-right: auto;margin-top:30px;width:100%;\"><\/div><div class=\"awb-gallery-wrapper awb-gallery-wrapper-1 button-span-no\" style=\"--more-btn-alignment:center;\"><div style=\"margin:-5px;--awb-bordersize:0px;\" class=\"fusion-gallery fusion-gallery-container fusion-grid-4 fusion-columns-total-8 fusion-gallery-layout-masonry fusion-gallery-1\"><div class=\"fusion-grid-column fusion-gallery-column fusion-gallery-column-4 hover-type-none fusion-grid-sizer\"><\/div><div style=\"padding:5px;\" class=\"fusion-grid-column fusion-gallery-column fusion-gallery-column-4 hover-type-none fusion-element-grid\"><div class=\"fusion-gallery-image\"><a href=\"https:\/\/www.biosferaeduca.com\/naturabegur\/wp-content\/uploads\/2026\/03\/CC14.jpg\" rel=\"noreferrer\" data-rel=\"iLightbox[gallery_image_1]\" class=\"fusion-lightbox\" target=\"_self\"><div style=\"padding-top:calc((100% + 10px) * 0.8 - 5px);background-position:;\" class=\"fusion-masonry-element-container lazyload\" data-bg=\"https:\/\/www.biosferaeduca.com\/naturabegur\/wp-content\/uploads\/2026\/03\/CC14.jpg\"><img decoding=\"async\" src=\"https:\/\/www.biosferaeduca.com\/naturabegur\/wp-content\/uploads\/2026\/03\/CC14.jpg\" width=\"1024\" height=\"1024\" alt=\"\" title=\"CC14\" aria-label=\"CC14\" class=\"img-responsive wp-image-2684 fusion-gallery-image-size-fixed\" srcset=\"https:\/\/www.biosferaeduca.com\/naturabegur\/wp-content\/uploads\/2026\/03\/CC14-200x200.jpg 200w, https:\/\/www.biosferaeduca.com\/naturabegur\/wp-content\/uploads\/2026\/03\/CC14-400x400.jpg 400w, https:\/\/www.biosferaeduca.com\/naturabegur\/wp-content\/uploads\/2026\/03\/CC14-600x600.jpg 600w, https:\/\/www.biosferaeduca.com\/naturabegur\/wp-content\/uploads\/2026\/03\/CC14-800x800.jpg 800w, https:\/\/www.biosferaeduca.com\/naturabegur\/wp-content\/uploads\/2026\/03\/CC14.jpg 1024w\" sizes=\"(min-width: 2200px) 100vw, (min-width: 856px) 311px, (min-width: 784px) 415px, (min-width: 712px) 623px, (min-width: 640px) 712px, \" \/><\/div><\/a><\/div><\/div><div style=\"padding:5px;\" class=\"fusion-grid-column fusion-gallery-column fusion-gallery-column-4 hover-type-none fusion-element-grid\"><div class=\"fusion-gallery-image\"><a href=\"https:\/\/www.biosferaeduca.com\/naturabegur\/wp-content\/uploads\/2026\/03\/CC15.jpg\" rel=\"noreferrer\" data-rel=\"iLightbox[gallery_image_1]\" class=\"fusion-lightbox\" target=\"_self\"><div style=\"padding-top:calc((100% + 10px) * 0.8 - 5px);background-position:;\" class=\"fusion-masonry-element-container lazyload\" data-bg=\"https:\/\/www.biosferaeduca.com\/naturabegur\/wp-content\/uploads\/2026\/03\/CC15.jpg\"><img decoding=\"async\" src=\"https:\/\/www.biosferaeduca.com\/naturabegur\/wp-content\/uploads\/2026\/03\/CC15.jpg\" width=\"1440\" height=\"1080\" alt=\"\" title=\"CC15\" aria-label=\"CC15\" class=\"img-responsive wp-image-2685 fusion-gallery-image-size-fixed\" srcset=\"https:\/\/www.biosferaeduca.com\/naturabegur\/wp-content\/uploads\/2026\/03\/CC15-200x150.jpg 200w, https:\/\/www.biosferaeduca.com\/naturabegur\/wp-content\/uploads\/2026\/03\/CC15-400x300.jpg 400w, https:\/\/www.biosferaeduca.com\/naturabegur\/wp-content\/uploads\/2026\/03\/CC15-600x450.jpg 600w, https:\/\/www.biosferaeduca.com\/naturabegur\/wp-content\/uploads\/2026\/03\/CC15-800x600.jpg 800w, https:\/\/www.biosferaeduca.com\/naturabegur\/wp-content\/uploads\/2026\/03\/CC15-1200x900.jpg 1200w, https:\/\/www.biosferaeduca.com\/naturabegur\/wp-content\/uploads\/2026\/03\/CC15.jpg 1440w\" sizes=\"(min-width: 2200px) 100vw, (min-width: 856px) 311px, (min-width: 784px) 415px, (min-width: 712px) 623px, (min-width: 640px) 712px, \" \/><\/div><\/a><\/div><\/div><div style=\"padding:5px;\" class=\"fusion-grid-column fusion-gallery-column fusion-gallery-column-4 hover-type-none fusion-element-grid\"><div class=\"fusion-gallery-image\"><a href=\"https:\/\/www.biosferaeduca.com\/naturabegur\/wp-content\/uploads\/2026\/03\/CC16.jpg\" rel=\"noreferrer\" data-rel=\"iLightbox[gallery_image_1]\" class=\"fusion-lightbox\" target=\"_self\"><div style=\"padding-top:calc((100% + 10px) * 0.8 - 5px);background-position:;\" class=\"fusion-masonry-element-container lazyload\" data-bg=\"https:\/\/www.biosferaeduca.com\/naturabegur\/wp-content\/uploads\/2026\/03\/CC16.jpg\"><img decoding=\"async\" src=\"https:\/\/www.biosferaeduca.com\/naturabegur\/wp-content\/uploads\/2026\/03\/CC16.jpg\" width=\"1440\" height=\"1080\" alt=\"\" title=\"CC16\" aria-label=\"CC16\" class=\"img-responsive wp-image-2686 fusion-gallery-image-size-fixed\" srcset=\"https:\/\/www.biosferaeduca.com\/naturabegur\/wp-content\/uploads\/2026\/03\/CC16-200x150.jpg 200w, https:\/\/www.biosferaeduca.com\/naturabegur\/wp-content\/uploads\/2026\/03\/CC16-400x300.jpg 400w, https:\/\/www.biosferaeduca.com\/naturabegur\/wp-content\/uploads\/2026\/03\/CC16-600x450.jpg 600w, https:\/\/www.biosferaeduca.com\/naturabegur\/wp-content\/uploads\/2026\/03\/CC16-800x600.jpg 800w, https:\/\/www.biosferaeduca.com\/naturabegur\/wp-content\/uploads\/2026\/03\/CC16-1200x900.jpg 1200w, https:\/\/www.biosferaeduca.com\/naturabegur\/wp-content\/uploads\/2026\/03\/CC16.jpg 1440w\" sizes=\"(min-width: 2200px) 100vw, (min-width: 856px) 311px, (min-width: 784px) 415px, (min-width: 712px) 623px, (min-width: 640px) 712px, \" \/><\/div><\/a><\/div><\/div><div style=\"padding:5px;\" class=\"fusion-grid-column fusion-gallery-column fusion-gallery-column-4 hover-type-none fusion-element-grid\"><div class=\"fusion-gallery-image\"><a href=\"https:\/\/www.biosferaeduca.com\/naturabegur\/wp-content\/uploads\/2026\/03\/CC17.jpg\" rel=\"noreferrer\" data-rel=\"iLightbox[gallery_image_1]\" class=\"fusion-lightbox\" target=\"_self\"><div style=\"padding-top:calc((100% + 10px) * 0.8 - 5px);background-position:;\" class=\"fusion-masonry-element-container lazyload\" data-bg=\"https:\/\/www.biosferaeduca.com\/naturabegur\/wp-content\/uploads\/2026\/03\/CC17.jpg\"><img decoding=\"async\" src=\"https:\/\/www.biosferaeduca.com\/naturabegur\/wp-content\/uploads\/2026\/03\/CC17.jpg\" width=\"1440\" height=\"1080\" alt=\"\" title=\"CC17\" aria-label=\"CC17\" class=\"img-responsive wp-image-2687 fusion-gallery-image-size-fixed\" srcset=\"https:\/\/www.biosferaeduca.com\/naturabegur\/wp-content\/uploads\/2026\/03\/CC17-200x150.jpg 200w, https:\/\/www.biosferaeduca.com\/naturabegur\/wp-content\/uploads\/2026\/03\/CC17-400x300.jpg 400w, https:\/\/www.biosferaeduca.com\/naturabegur\/wp-content\/uploads\/2026\/03\/CC17-600x450.jpg 600w, https:\/\/www.biosferaeduca.com\/naturabegur\/wp-content\/uploads\/2026\/03\/CC17-800x600.jpg 800w, https:\/\/www.biosferaeduca.com\/naturabegur\/wp-content\/uploads\/2026\/03\/CC17-1200x900.jpg 1200w, https:\/\/www.biosferaeduca.com\/naturabegur\/wp-content\/uploads\/2026\/03\/CC17.jpg 1440w\" sizes=\"(min-width: 2200px) 100vw, (min-width: 856px) 311px, (min-width: 784px) 415px, (min-width: 712px) 623px, (min-width: 640px) 712px, \" \/><\/div><\/a><\/div><\/div><div style=\"padding:5px;\" class=\"fusion-grid-column fusion-gallery-column fusion-gallery-column-4 hover-type-none fusion-element-grid\"><div class=\"fusion-gallery-image\"><a href=\"https:\/\/www.biosferaeduca.com\/naturabegur\/wp-content\/uploads\/2026\/03\/CC18.jpg\" rel=\"noreferrer\" data-rel=\"iLightbox[gallery_image_1]\" class=\"fusion-lightbox\" target=\"_self\"><div style=\"padding-top:calc((100% + 10px) * 0.8 - 5px);background-position:;\" class=\"fusion-masonry-element-container lazyload\" data-bg=\"https:\/\/www.biosferaeduca.com\/naturabegur\/wp-content\/uploads\/2026\/03\/CC18.jpg\"><img decoding=\"async\" src=\"https:\/\/www.biosferaeduca.com\/naturabegur\/wp-content\/uploads\/2026\/03\/CC18.jpg\" width=\"1440\" height=\"1080\" alt=\"\" title=\"CC18\" aria-label=\"CC18\" class=\"img-responsive wp-image-2688 fusion-gallery-image-size-fixed\" srcset=\"https:\/\/www.biosferaeduca.com\/naturabegur\/wp-content\/uploads\/2026\/03\/CC18-200x150.jpg 200w, https:\/\/www.biosferaeduca.com\/naturabegur\/wp-content\/uploads\/2026\/03\/CC18-400x300.jpg 400w, https:\/\/www.biosferaeduca.com\/naturabegur\/wp-content\/uploads\/2026\/03\/CC18-600x450.jpg 600w, https:\/\/www.biosferaeduca.com\/naturabegur\/wp-content\/uploads\/2026\/03\/CC18-800x600.jpg 800w, https:\/\/www.biosferaeduca.com\/naturabegur\/wp-content\/uploads\/2026\/03\/CC18-1200x900.jpg 1200w, https:\/\/www.biosferaeduca.com\/naturabegur\/wp-content\/uploads\/2026\/03\/CC18.jpg 1440w\" sizes=\"(min-width: 2200px) 100vw, (min-width: 856px) 311px, (min-width: 784px) 415px, (min-width: 712px) 623px, (min-width: 640px) 712px, \" \/><\/div><\/a><\/div><\/div><div style=\"padding:5px;\" class=\"fusion-grid-column fusion-gallery-column fusion-gallery-column-4 hover-type-none fusion-element-grid\"><div class=\"fusion-gallery-image\"><a href=\"https:\/\/www.biosferaeduca.com\/naturabegur\/wp-content\/uploads\/2026\/03\/CC19.jpg\" rel=\"noreferrer\" data-rel=\"iLightbox[gallery_image_1]\" class=\"fusion-lightbox\" target=\"_self\"><div style=\"padding-top:calc((100% + 10px) * 0.8 - 5px);background-position:;\" class=\"fusion-masonry-element-container lazyload\" data-bg=\"https:\/\/www.biosferaeduca.com\/naturabegur\/wp-content\/uploads\/2026\/03\/CC19.jpg\"><img decoding=\"async\" src=\"https:\/\/www.biosferaeduca.com\/naturabegur\/wp-content\/uploads\/2026\/03\/CC19.jpg\" width=\"1440\" height=\"1080\" alt=\"\" title=\"CC19\" aria-label=\"CC19\" class=\"img-responsive wp-image-2689 fusion-gallery-image-size-fixed\" srcset=\"https:\/\/www.biosferaeduca.com\/naturabegur\/wp-content\/uploads\/2026\/03\/CC19-200x150.jpg 200w, https:\/\/www.biosferaeduca.com\/naturabegur\/wp-content\/uploads\/2026\/03\/CC19-400x300.jpg 400w, https:\/\/www.biosferaeduca.com\/naturabegur\/wp-content\/uploads\/2026\/03\/CC19-600x450.jpg 600w, https:\/\/www.biosferaeduca.com\/naturabegur\/wp-content\/uploads\/2026\/03\/CC19-800x600.jpg 800w, https:\/\/www.biosferaeduca.com\/naturabegur\/wp-content\/uploads\/2026\/03\/CC19-1200x900.jpg 1200w, https:\/\/www.biosferaeduca.com\/naturabegur\/wp-content\/uploads\/2026\/03\/CC19.jpg 1440w\" sizes=\"(min-width: 2200px) 100vw, (min-width: 856px) 311px, (min-width: 784px) 415px, (min-width: 712px) 623px, (min-width: 640px) 712px, \" \/><\/div><\/a><\/div><\/div><div style=\"padding:5px;\" class=\"fusion-grid-column fusion-gallery-column fusion-gallery-column-4 hover-type-none fusion-element-grid\"><div class=\"fusion-gallery-image\"><a href=\"https:\/\/www.biosferaeduca.com\/naturabegur\/wp-content\/uploads\/2026\/03\/CC20.jpg\" rel=\"noreferrer\" data-rel=\"iLightbox[gallery_image_1]\" class=\"fusion-lightbox\" target=\"_self\"><div style=\"padding-top:calc((100% + 10px) * 0.8 - 5px);background-position:;\" class=\"fusion-masonry-element-container lazyload\" data-bg=\"https:\/\/www.biosferaeduca.com\/naturabegur\/wp-content\/uploads\/2026\/03\/CC20.jpg\"><img decoding=\"async\" src=\"https:\/\/www.biosferaeduca.com\/naturabegur\/wp-content\/uploads\/2026\/03\/CC20.jpg\" width=\"1440\" height=\"1080\" alt=\"\" title=\"CC20\" aria-label=\"CC20\" class=\"img-responsive wp-image-2690 fusion-gallery-image-size-fixed\" srcset=\"https:\/\/www.biosferaeduca.com\/naturabegur\/wp-content\/uploads\/2026\/03\/CC20-200x150.jpg 200w, https:\/\/www.biosferaeduca.com\/naturabegur\/wp-content\/uploads\/2026\/03\/CC20-400x300.jpg 400w, https:\/\/www.biosferaeduca.com\/naturabegur\/wp-content\/uploads\/2026\/03\/CC20-600x450.jpg 600w, https:\/\/www.biosferaeduca.com\/naturabegur\/wp-content\/uploads\/2026\/03\/CC20-800x600.jpg 800w, https:\/\/www.biosferaeduca.com\/naturabegur\/wp-content\/uploads\/2026\/03\/CC20-1200x900.jpg 1200w, https:\/\/www.biosferaeduca.com\/naturabegur\/wp-content\/uploads\/2026\/03\/CC20.jpg 1440w\" sizes=\"(min-width: 2200px) 100vw, (min-width: 856px) 311px, (min-width: 784px) 415px, (min-width: 712px) 623px, (min-width: 640px) 712px, \" \/><\/div><\/a><\/div><\/div><div style=\"padding:5px;\" class=\"fusion-grid-column fusion-gallery-column fusion-gallery-column-4 hover-type-none fusion-element-grid\"><div class=\"fusion-gallery-image\"><a href=\"https:\/\/www.biosferaeduca.com\/naturabegur\/wp-content\/uploads\/2026\/03\/CC13.jpg\" rel=\"noreferrer\" data-rel=\"iLightbox[gallery_image_1]\" class=\"fusion-lightbox\" target=\"_self\"><div style=\"padding-top:calc((100% + 10px) * 0.8 - 5px);background-position:;\" class=\"fusion-masonry-element-container lazyload\" data-bg=\"https:\/\/www.biosferaeduca.com\/naturabegur\/wp-content\/uploads\/2026\/03\/CC13.jpg\"><img decoding=\"async\" src=\"https:\/\/www.biosferaeduca.com\/naturabegur\/wp-content\/uploads\/2026\/03\/CC13.jpg\" width=\"1440\" height=\"1080\" alt=\"\" title=\"CC13\" aria-label=\"CC13\" class=\"img-responsive wp-image-2683 fusion-gallery-image-size-fixed\" srcset=\"https:\/\/www.biosferaeduca.com\/naturabegur\/wp-content\/uploads\/2026\/03\/CC13-200x150.jpg 200w, https:\/\/www.biosferaeduca.com\/naturabegur\/wp-content\/uploads\/2026\/03\/CC13-400x300.jpg 400w, https:\/\/www.biosferaeduca.com\/naturabegur\/wp-content\/uploads\/2026\/03\/CC13-600x450.jpg 600w, https:\/\/www.biosferaeduca.com\/naturabegur\/wp-content\/uploads\/2026\/03\/CC13-800x600.jpg 800w, https:\/\/www.biosferaeduca.com\/naturabegur\/wp-content\/uploads\/2026\/03\/CC13-1200x900.jpg 1200w, https:\/\/www.biosferaeduca.com\/naturabegur\/wp-content\/uploads\/2026\/03\/CC13.jpg 1440w\" sizes=\"(min-width: 2200px) 100vw, (min-width: 856px) 311px, (min-width: 784px) 415px, (min-width: 712px) 623px, (min-width: 640px) 712px, \" \/><\/div><\/a><\/div><\/div><\/div><\/div><\/div><\/div><\/div><\/div><\/p>\n","protected":false},"excerpt":{"rendered":"","protected":false},"author":1,"featured_media":0,"parent":0,"menu_order":0,"comment_status":"closed","ping_status":"closed","template":"","meta":{"footnotes":""},"class_list":["post-2411","page","type-page","status-publish","hentry"],"_links":{"self":[{"href":"https:\/\/www.biosferaeduca.com\/naturabegur\/wp-json\/wp\/v2\/pages\/2411","targetHints":{"allow":["GET"]}}],"collection":[{"href":"https:\/\/www.biosferaeduca.com\/naturabegur\/wp-json\/wp\/v2\/pages"}],"about":[{"href":"https:\/\/www.biosferaeduca.com\/naturabegur\/wp-json\/wp\/v2\/types\/page"}],"author":[{"embeddable":true,"href":"https:\/\/www.biosferaeduca.com\/naturabegur\/wp-json\/wp\/v2\/users\/1"}],"replies":[{"embeddable":true,"href":"https:\/\/www.biosferaeduca.com\/naturabegur\/wp-json\/wp\/v2\/comments?post=2411"}],"version-history":[{"count":9,"href":"https:\/\/www.biosferaeduca.com\/naturabegur\/wp-json\/wp\/v2\/pages\/2411\/revisions"}],"predecessor-version":[{"id":2729,"href":"https:\/\/www.biosferaeduca.com\/naturabegur\/wp-json\/wp\/v2\/pages\/2411\/revisions\/2729"}],"wp:attachment":[{"href":"https:\/\/www.biosferaeduca.com\/naturabegur\/wp-json\/wp\/v2\/media?parent=2411"}],"curies":[{"name":"wp","href":"https:\/\/api.w.org\/{rel}","templated":true}]}}